{"id":803,"date":"2018-04-27T16:15:25","date_gmt":"2018-04-27T14:15:25","guid":{"rendered":"https:\/\/outdoortime.se\/www-2\/?page_id=803"},"modified":"2022-04-05T12:44:35","modified_gmt":"2022-04-05T10:44:35","slug":"startsida","status":"publish","type":"page","link":"https:\/\/outdoortime.se\/demo\/","title":{"rendered":"Startsida"},"content":{"rendered":"<p>[et_pb_section fb_built=&#8221;1&#8243; _builder_version=&#8221;4.6.1&#8243; _module_preset=&#8221;default&#8221; title_text=&#8221;gotakanal_lowres&#8221; background_image=&#8221;https:\/\/outdoortime.se\/demo\/wp-content\/uploads\/sites\/39\/2022\/04\/gotakanal_lowres.jpg&#8221; parallax=&#8221;on&#8221; parallax_method=&#8221;off&#8221; min_height=&#8221;800px&#8221; hover_enabled=&#8221;0&#8243; sticky_enabled=&#8221;0&#8243;][et_pb_row _builder_version=&#8221;4.6.1&#8243; _module_preset=&#8221;default&#8221;][et_pb_column _builder_version=&#8221;4.6.1&#8243; _module_preset=&#8221;default&#8221; type=&#8221;4_4&#8243;][et_pb_text _builder_version=&#8221;4.6.1&#8243; _module_preset=&#8221;default&#8221; header_font=&#8221;|700|||||||&#8221; header_text_align=&#8221;center&#8221; header_text_color=&#8221;#ffffff&#8221; header_font_size=&#8221;80px&#8221; hover_enabled=&#8221;0&#8243; sticky_enabled=&#8221;0&#8243;]<\/p>\n<h1>DEMO SITE<\/h1>\n<p>[\/et_pb_text][\/et_pb_column][\/et_pb_row][\/et_pb_section][et_pb_section fb_built=&#8221;1&#8243; _builder_version=&#8221;3.22&#8243; background_color=&#8221;rgba(255,255,255,0)&#8221;][et_pb_row _builder_version=&#8221;3.25&#8243;][et_pb_column type=&#8221;4_4&#8243; _builder_version=&#8221;3.25&#8243; custom_padding=&#8221;|||&#8221; custom_padding__hover=&#8221;|||&#8221;][et_pb_text _builder_version=&#8221;4.6.1&#8243; hover_enabled=&#8221;0&#8243; sticky_enabled=&#8221;0&#8243;]<\/p>\n<h1>HYRA KAJAK <\/h1>\n<p>[\/et_pb_text][\/et_pb_column][\/et_pb_row][et_pb_row _builder_version=&#8221;4.6.1&#8243; _module_preset=&#8221;default&#8221;][et_pb_column type=&#8221;4_4&#8243; _builder_version=&#8221;4.6.1&#8243; _module_preset=&#8221;default&#8221;][et_pb_shop orderby=&#8221;menu_order&#8221; _builder_version=&#8221;4.6.1&#8243; _module_preset=&#8221;default&#8221;][\/et_pb_shop][\/et_pb_column][\/et_pb_row][et_pb_row column_structure=&#8221;1_2,1_2&#8243; _builder_version=&#8221;3.25&#8243;][et_pb_column type=&#8221;1_2&#8243; _builder_version=&#8221;3.25&#8243; custom_padding=&#8221;|||&#8221; custom_padding__hover=&#8221;|||&#8221;][et_pb_text _builder_version=&#8221;4.6.1&#8243; _module_preset=&#8221;default&#8221;]<\/p>\n<h2>Karta:<\/h2>\n<p>[\/et_pb_text][et_pb_code _builder_version=&#8221;4.6.1&#8243; _module_preset=&#8221;default&#8221;]<iframe src=\"https:\/\/www.google.com\/maps\/embed?pb=!1m18!1m12!1m3!1d2105.6834075925426!2d11.414087316078366!3d58.145482812410044!2m3!1f0!2f0!3f0!3m2!1i1024!2i768!4f13.1!3m3!1m2!1s0x0%3A0x0!2zNTjCsDA4JzQzLjciTiAxMcKwMjQnNTguNiJF!5e0!3m2!1ssv!2sse!4v1629267767641!5m2!1ssv!2sse\" width=\"600\" height=\"450\" style=\"border:0;\" allowfullscreen=\"\" loading=\"lazy\"><\/iframe>[\/et_pb_code][et_pb_text _builder_version=&#8221;4.6.1&#8243; _module_preset=&#8221;default&#8221;]<\/p>\n<h2>V\u00e4der:<\/h2>\n<p>[\/et_pb_text][et_pb_code _builder_version=&#8221;4.6.1&#8243; _module_preset=&#8221;default&#8221;]<iframe src='https:\/\/xn--vder24-bua.se\/index.php\/vader-widget\/?widgettype=white&#038;widgetcity=ell\u00f6s' title='V\u00e4derwidget' style='height:250px; min-width:215px; width:100%; max-width:100%;' name='weatheriFrame' scrolling='0' frameborder='0' ><\/iframe>[\/et_pb_code][\/et_pb_column][et_pb_column type=&#8221;1_2&#8243; _builder_version=&#8221;3.25&#8243; custom_padding=&#8221;|||&#8221; custom_padding__hover=&#8221;|||&#8221;][et_pb_text _builder_version=&#8221;4.6.1&#8243; _module_preset=&#8221;default&#8221;]<\/p>\n<h3>Priser:<\/h3>\n<ul>\n<li><a href=\"https:\/\/outdoortime.se\/prislista\/\">Se v\u00e5r prislista.<\/a><\/li>\n<\/ul>\n<h3>Detta ing\u00e5r:<\/h3>\n<ul>\n<li>Kajak<\/li>\n<li>Kapell<\/li>\n<li>Flytv\u00e4st<\/li>\n<li>Paddel<\/li>\n<\/ul>\n<h3>L\u00e4get:<\/h3>\n<p>Kajakerna \u00e4r placerade p\u00e5 Stockentr\u00e4ffens m\u00e4ssomr\u00e5de, p\u00e5 Tj\u00f6rn. <\/p>\n<h3>Resa hit:<\/h3>\n<p>Ta bilen full med friluftsprylar och k\u00f6r till Tj\u00f6rn. <\/p>\n<h3>Faciliteter:<\/h3>\n<ul>\n<li><a href=\"http:\/\/www.gudingebadet.se\" target=\"_blank\" rel=\"noopener noreferrer\">Camping<\/a><\/li>\n<li>Resturang<\/li>\n<li>Kiosk<\/li>\n<li>Badplats<\/li>\n<li>Grillplats<\/li>\n<li>Lekpark<\/li>\n<li>Stuguthyrning<\/li>\n<\/ul>\n<h3>Kajaker:<\/h3>\n<p>Havskajaker som passar alla, v\u00e5r ambition \u00e4r att alltid erbjuda nya och fr\u00e4scha kajaker!<\/p>\n<ul>\n<li>Liker Easry 4.5<\/li>\n<li>Point65 Whisky16, tourer och rocker<\/li>\n<li>Point65 Seacruiser<\/li>\n<\/ul>\n<p>[\/et_pb_text][\/et_pb_column][\/et_pb_row][\/et_pb_section]<\/p>\n","protected":false},"excerpt":{"rendered":"<p>DEMO SITE HYRA KAJAK Karta:V\u00e4der:Priser: Se v\u00e5r prislista. Detta ing\u00e5r: Kajak Kapell Flytv\u00e4st Paddel L\u00e4get: Kajakerna \u00e4r placerade p\u00e5 Stockentr\u00e4ffens m\u00e4ssomr\u00e5de, p\u00e5 Tj\u00f6rn. Resa hit: Ta bilen full med friluftsprylar och k\u00f6r till Tj\u00f6rn. Faciliteter: Camping Resturang Kiosk Badplats Grillplats Lekpark Stuguthyrning Kajaker: Havskajaker som passar alla, v\u00e5r ambition \u00e4r att alltid erbjuda nya och [&hellip;]<\/p>\n","protected":false},"author":1,"featured_media":0,"parent":0,"menu_order":0,"comment_status":"closed","ping_status":"closed","template":"","meta":{"_et_pb_use_builder":"on","_et_pb_old_content":"","_et_gb_content_width":"","footnotes":""},"class_list":["post-803","page","type-page","status-publish","hentry"],"_links":{"self":[{"href":"https:\/\/outdoortime.se\/demo\/wp-json\/wp\/v2\/pages\/803","targetHints":{"allow":["GET"]}}],"collection":[{"href":"https:\/\/outdoortime.se\/demo\/wp-json\/wp\/v2\/pages"}],"about":[{"href":"https:\/\/outdoortime.se\/demo\/wp-json\/wp\/v2\/types\/page"}],"author":[{"embeddable":true,"href":"https:\/\/outdoortime.se\/demo\/wp-json\/wp\/v2\/users\/1"}],"replies":[{"embeddable":true,"href":"https:\/\/outdoortime.se\/demo\/wp-json\/wp\/v2\/comments?post=803"}],"version-history":[{"count":41,"href":"https:\/\/outdoortime.se\/demo\/wp-json\/wp\/v2\/pages\/803\/revisions"}],"predecessor-version":[{"id":3533,"href":"https:\/\/outdoortime.se\/demo\/wp-json\/wp\/v2\/pages\/803\/revisions\/3533"}],"wp:attachment":[{"href":"https:\/\/outdoortime.se\/demo\/wp-json\/wp\/v2\/media?parent=803"}],"curies":[{"name":"wp","href":"https:\/\/api.w.org\/{rel}","templated":true}]}}