{"id":3471,"date":"2021-08-16T09:52:33","date_gmt":"2021-08-16T07:52:33","guid":{"rendered":"https:\/\/outdoortime.se\/demo\/?post_type=product&#038;p=3471"},"modified":"2022-03-09T14:34:59","modified_gmt":"2022-03-09T13:34:59","slug":"easty-45","status":"publish","type":"product","link":"https:\/\/outdoortime.se\/demo\/product\/easty-45\/","title":{"rendered":"Dubbelkajak"},"content":{"rendered":"<p>Liker Easty 4.5<\/p>\n<p>Designad av Bj\u00f6rn Thomasson f\u00f6r att vara en utpr\u00e4glad skeddar kajak i plast.<\/p>\n","protected":false},"excerpt":{"rendered":"<p>Liker Easty 4.5 Designad av Bj\u00f6rn Thomasson f\u00f6r att vara en utpr\u00e4glad skeddar kajak i plast.<\/p>\n","protected":false},"featured_media":1073,"template":"","meta":{"_et_pb_use_builder":"","_et_pb_old_content":"","_et_gb_content_width":""},"product_brand":[],"product_cat":[69],"product_tag":[],"class_list":{"0":"post-3471","1":"product","2":"type-product","3":"status-publish","4":"has-post-thumbnail","6":"product_cat-hyra-kajak","8":"first","9":"instock","10":"virtual","11":"taxable","12":"purchasable","13":"product-type-simple"},"_links":{"self":[{"href":"https:\/\/outdoortime.se\/demo\/wp-json\/wp\/v2\/product\/3471","targetHints":{"allow":["GET"]}}],"collection":[{"href":"https:\/\/outdoortime.se\/demo\/wp-json\/wp\/v2\/product"}],"about":[{"href":"https:\/\/outdoortime.se\/demo\/wp-json\/wp\/v2\/types\/product"}],"wp:featuredmedia":[{"embeddable":true,"href":"https:\/\/outdoortime.se\/demo\/wp-json\/wp\/v2\/media\/1073"}],"wp:attachment":[{"href":"https:\/\/outdoortime.se\/demo\/wp-json\/wp\/v2\/media?parent=3471"}],"wp:term":[{"taxonomy":"product_brand","embeddable":true,"href":"https:\/\/outdoortime.se\/demo\/wp-json\/wp\/v2\/product_brand?post=3471"},{"taxonomy":"product_cat","embeddable":true,"href":"https:\/\/outdoortime.se\/demo\/wp-json\/wp\/v2\/product_cat?post=3471"},{"taxonomy":"product_tag","embeddable":true,"href":"https:\/\/outdoortime.se\/demo\/wp-json\/wp\/v2\/product_tag?post=3471"}],"curies":[{"name":"wp","href":"https:\/\/api.w.org\/{rel}","templated":true}]}}