{"id":5131,"date":"2023-02-23T13:16:26","date_gmt":"2023-02-23T12:16:26","guid":{"rendered":"https:\/\/outdoortime.se\/hyrkajak\/?post_type=product&#038;p=5131"},"modified":"2025-05-31T09:49:45","modified_gmt":"2025-05-31T07:49:45","slug":"kajak-basic-kayak-for-beginners","status":"publish","type":"product","link":"https:\/\/outdoortime.se\/hyrkajak\/product\/kajak-basic-kayak-for-beginners\/","title":{"rendered":"Kajak basic (Kayak for beginners)-Hovetorp"},"content":{"rendered":"","protected":false},"excerpt":{"rendered":"<p>V\u00e5ra enmanskajaker fr\u00e5n Svenska Point65 \u00e4r touring\/havs-kajaker i 1-lagers polyeten, specifikt framtagen f\u00f6r nyb\u00f6rjare liksom lite mer erfarna paddlare. Denna kajak XO13 passar dig upp till ca 190cm.<\/p>\n<p><a href=\"https:\/\/outdoortime.se\/turer\/produkt\/paddling-med-privat-guide\/\">L\u00e4gg till en privat guide, boka h\u00e4r!<\/a><\/p>\n<p><em>Our single kayaks from Swedish brand Point65 are touring\/sea kayaks in 1 layer rotomolded PE, especially designed for beginners but also suitable for those who has paddle before. This kayak &#8221;XO13&#8221; fits paddler up to 190cm length.<\/em><\/p>\n","protected":false},"featured_media":1648,"template":"","meta":{"_et_pb_use_builder":"","_et_pb_old_content":"","_et_gb_content_width":""},"product_brand":[],"product_cat":[167],"product_tag":[],"class_list":{"0":"post-5131","1":"product","2":"type-product","3":"status-publish","4":"has-post-thumbnail","6":"product_cat-hovetorp","8":"first","9":"instock","10":"virtual","11":"sold-individually","12":"taxable","13":"purchasable","14":"product-type-booking"},"_links":{"self":[{"href":"https:\/\/outdoortime.se\/hyrkajak\/wp-json\/wp\/v2\/product\/5131","targetHints":{"allow":["GET"]}}],"collection":[{"href":"https:\/\/outdoortime.se\/hyrkajak\/wp-json\/wp\/v2\/product"}],"about":[{"href":"https:\/\/outdoortime.se\/hyrkajak\/wp-json\/wp\/v2\/types\/product"}],"wp:featuredmedia":[{"embeddable":true,"href":"https:\/\/outdoortime.se\/hyrkajak\/wp-json\/wp\/v2\/media\/1648"}],"wp:attachment":[{"href":"https:\/\/outdoortime.se\/hyrkajak\/wp-json\/wp\/v2\/media?parent=5131"}],"wp:term":[{"taxonomy":"product_brand","embeddable":true,"href":"https:\/\/outdoortime.se\/hyrkajak\/wp-json\/wp\/v2\/product_brand?post=5131"},{"taxonomy":"product_cat","embeddable":true,"href":"https:\/\/outdoortime.se\/hyrkajak\/wp-json\/wp\/v2\/product_cat?post=5131"},{"taxonomy":"product_tag","embeddable":true,"href":"https:\/\/outdoortime.se\/hyrkajak\/wp-json\/wp\/v2\/product_tag?post=5131"}],"curies":[{"name":"wp","href":"https:\/\/api.w.org\/{rel}","templated":true}]}}