{"id":5160,"date":"2023-04-09T16:00:10","date_gmt":"2023-04-09T14:00:10","guid":{"rendered":"https:\/\/outdoortime.se\/hyrkajak\/?post_type=product&#038;p=5160"},"modified":"2025-05-31T09:47:45","modified_gmt":"2025-05-31T07:47:45","slug":"kajak-basic-kayak-for-beginners-5","status":"publish","type":"product","link":"https:\/\/outdoortime.se\/hyrkajak\/product\/kajak-basic-kayak-for-beginners-5\/","title":{"rendered":"Kajak basic (Kayak for beginners)-Grebo"},"content":{"rendered":"<p>V\u00e4lj r\u00e4tt kajak,<\/p>\n<p>Box 1 &#8211; f\u00f6r mindre paddlare (max 180cm l\u00e4ngd)<\/p>\n<p>Box 7 &#8211; f\u00f6r nyb\u00f6rjare<\/p>\n<p>Box 4 &#8211; f\u00f6r nyb\u00f6rjare<\/p>\n<p>&nbsp;<\/p>\n","protected":false},"excerpt":{"rendered":"<p>V\u00e5ra enmanskajaker fr\u00e5n Svenska Point65 \u00e4r touring\/havs-kajaker i 1-lagers polyeten, specifikt framtagen f\u00f6r nyb\u00f6rjare liksom lite mer erfarna paddlare.<\/p>\n<p><em>Our single kayaks from Swedish brand Point65 are touring\/sea kayaks in 1 layer rotomolded PE, especially designed for beginners but also suitable for those who has paddle before.\u00a0<\/em><\/p>\n","protected":false},"featured_media":1648,"template":"","meta":{"_et_pb_use_builder":"","_et_pb_old_content":"","_et_gb_content_width":""},"product_brand":[],"product_cat":[170],"product_tag":[],"class_list":{"0":"post-5160","1":"product","2":"type-product","3":"status-publish","4":"has-post-thumbnail","6":"product_cat-grebo","8":"first","9":"instock","10":"virtual","11":"sold-individually","12":"taxable","13":"purchasable","14":"product-type-booking"},"_links":{"self":[{"href":"https:\/\/outdoortime.se\/hyrkajak\/wp-json\/wp\/v2\/product\/5160","targetHints":{"allow":["GET"]}}],"collection":[{"href":"https:\/\/outdoortime.se\/hyrkajak\/wp-json\/wp\/v2\/product"}],"about":[{"href":"https:\/\/outdoortime.se\/hyrkajak\/wp-json\/wp\/v2\/types\/product"}],"wp:featuredmedia":[{"embeddable":true,"href":"https:\/\/outdoortime.se\/hyrkajak\/wp-json\/wp\/v2\/media\/1648"}],"wp:attachment":[{"href":"https:\/\/outdoortime.se\/hyrkajak\/wp-json\/wp\/v2\/media?parent=5160"}],"wp:term":[{"taxonomy":"product_brand","embeddable":true,"href":"https:\/\/outdoortime.se\/hyrkajak\/wp-json\/wp\/v2\/product_brand?post=5160"},{"taxonomy":"product_cat","embeddable":true,"href":"https:\/\/outdoortime.se\/hyrkajak\/wp-json\/wp\/v2\/product_cat?post=5160"},{"taxonomy":"product_tag","embeddable":true,"href":"https:\/\/outdoortime.se\/hyrkajak\/wp-json\/wp\/v2\/product_tag?post=5160"}],"curies":[{"name":"wp","href":"https:\/\/api.w.org\/{rel}","templated":true}]}}