{"id":5227,"date":"2023-05-05T11:47:41","date_gmt":"2023-05-05T09:47:41","guid":{"rendered":"https:\/\/outdoortime.se\/hyrkajak\/?post_type=product&#038;p=5227"},"modified":"2023-05-20T10:04:14","modified_gmt":"2023-05-20T08:04:14","slug":"rebook1","status":"publish","type":"product","link":"https:\/\/outdoortime.se\/hyrkajak\/product\/rebook1\/","title":{"rendered":"Ombokningsskydd (Possible to rebook)"},"content":{"rendered":"","protected":false},"excerpt":{"rendered":"<p>L\u00e4gg till en fullst\u00e4ndig valfrihet att boka om din tur oavsett anledning. Detta skydd ger dig m\u00f6jligheten att boka om din tur senast 1 dag innan du skall ut oavsett anledning.<\/p>\n<p>Add a possibility to change your reservation to up to 1 day before your departure, without any reason needed.<\/p>\n","protected":false},"featured_media":264,"template":"","meta":{"_et_pb_use_builder":"","_et_pb_old_content":"","_et_gb_content_width":""},"product_brand":[],"product_cat":[130],"product_tag":[],"class_list":{"0":"post-5227","1":"product","2":"type-product","3":"status-publish","4":"has-post-thumbnail","6":"product_cat-uncategorized","8":"first","9":"instock","10":"virtual","11":"taxable","12":"purchasable","13":"product-type-simple"},"_links":{"self":[{"href":"https:\/\/outdoortime.se\/hyrkajak\/wp-json\/wp\/v2\/product\/5227","targetHints":{"allow":["GET"]}}],"collection":[{"href":"https:\/\/outdoortime.se\/hyrkajak\/wp-json\/wp\/v2\/product"}],"about":[{"href":"https:\/\/outdoortime.se\/hyrkajak\/wp-json\/wp\/v2\/types\/product"}],"wp:featuredmedia":[{"embeddable":true,"href":"https:\/\/outdoortime.se\/hyrkajak\/wp-json\/wp\/v2\/media\/264"}],"wp:attachment":[{"href":"https:\/\/outdoortime.se\/hyrkajak\/wp-json\/wp\/v2\/media?parent=5227"}],"wp:term":[{"taxonomy":"product_brand","embeddable":true,"href":"https:\/\/outdoortime.se\/hyrkajak\/wp-json\/wp\/v2\/product_brand?post=5227"},{"taxonomy":"product_cat","embeddable":true,"href":"https:\/\/outdoortime.se\/hyrkajak\/wp-json\/wp\/v2\/product_cat?post=5227"},{"taxonomy":"product_tag","embeddable":true,"href":"https:\/\/outdoortime.se\/hyrkajak\/wp-json\/wp\/v2\/product_tag?post=5227"}],"curies":[{"name":"wp","href":"https:\/\/api.w.org\/{rel}","templated":true}]}}