{"id":201,"date":"2022-03-08T10:17:03","date_gmt":"2022-03-08T09:17:03","guid":{"rendered":"https:\/\/outdoortime.se\/stockentraffen\/?post_type=product&#038;p=201"},"modified":"2025-08-09T18:30:49","modified_gmt":"2025-08-09T16:30:49","slug":"lordag-islandsberg","status":"publish","type":"product","link":"https:\/\/outdoortime.se\/stockentraffen\/produkt\/lordag-islandsberg\/","title":{"rendered":"L\u00f6rdag &#8211; Islandsberg"},"content":{"rendered":"","protected":false},"excerpt":{"rendered":"<p>En tur till Islandsberg f\u00f6r den vane paddlaren under l\u00f6rdagen.<\/p>\n<p>D\u00e5 vattnen kring Islandsberg \u00e4r utsatta beh\u00f6ver du verkligen vara <strong>van vid v\u00e5gor och vind.<\/strong> Turen blir mellan 15-20 kilometer. Ta med b\u00e5de fika och lunch.<\/p>\n<p>Som alltid n\u00e4r det g\u00e4ller paddlingar med Tj\u00f6rns Kajakklubb beh\u00f6ver du vara en <strong>van paddlare<\/strong> som klarar en del v\u00e5gor och kamratr\u00e4ddning. V\u00e5ra turguider leder gruppen runt i den fina milj\u00f6n men du \u00e4r sj\u00e4lv ansvarig f\u00f6r din s\u00e4kerhet, \u00e4ven om vi i gruppen givetvis hj\u00e4lps \u00e5t om n\u00e5got intr\u00e4ffar. Gl\u00f6m inte att avboka dig om du f\u00e5r f\u00f6rhinder s\u00e5 att n\u00e5gon annan glad paddlare kan f\u00f6lja med.<\/p>\n<p>Samling 09.30 p\u00e5 stranden.<\/p>\n<p><strong>OBS\u00a0 Nytt f\u00f6r i \u00e5r &#8211; du f\u00e5r ett informationsmail n\u00e4r du anm\u00e4ler dig. Inget mer mail kommer, s\u00e5 h\u00e5ll reda p\u00e5 det. \ud83d\ude42<\/strong><\/p>\n<p>Varmt v\u00e4lkommen! \ud83d\ude42<\/p>\n","protected":false},"featured_media":229,"template":"","meta":{"_et_pb_use_builder":"","_et_pb_old_content":"","_et_gb_content_width":""},"product_brand":[],"product_cat":[20],"product_tag":[],"class_list":{"0":"post-201","1":"product","2":"type-product","3":"status-publish","4":"has-post-thumbnail","6":"product_cat-lordag","8":"first","9":"instock","10":"sold-individually","11":"shipping-taxable","12":"purchasable","13":"product-type-simple"},"_links":{"self":[{"href":"https:\/\/outdoortime.se\/stockentraffen\/wp-json\/wp\/v2\/product\/201","targetHints":{"allow":["GET"]}}],"collection":[{"href":"https:\/\/outdoortime.se\/stockentraffen\/wp-json\/wp\/v2\/product"}],"about":[{"href":"https:\/\/outdoortime.se\/stockentraffen\/wp-json\/wp\/v2\/types\/product"}],"wp:featuredmedia":[{"embeddable":true,"href":"https:\/\/outdoortime.se\/stockentraffen\/wp-json\/wp\/v2\/media\/229"}],"wp:attachment":[{"href":"https:\/\/outdoortime.se\/stockentraffen\/wp-json\/wp\/v2\/media?parent=201"}],"wp:term":[{"taxonomy":"product_brand","embeddable":true,"href":"https:\/\/outdoortime.se\/stockentraffen\/wp-json\/wp\/v2\/product_brand?post=201"},{"taxonomy":"product_cat","embeddable":true,"href":"https:\/\/outdoortime.se\/stockentraffen\/wp-json\/wp\/v2\/product_cat?post=201"},{"taxonomy":"product_tag","embeddable":true,"href":"https:\/\/outdoortime.se\/stockentraffen\/wp-json\/wp\/v2\/product_tag?post=201"}],"curies":[{"name":"wp","href":"https:\/\/api.w.org\/{rel}","templated":true}]}}