{"id":243,"date":"2022-07-03T22:28:53","date_gmt":"2022-07-03T20:28:53","guid":{"rendered":"https:\/\/outdoortime.se\/stockentraffen\/?post_type=product&#038;p=243"},"modified":"2025-08-17T08:03:05","modified_gmt":"2025-08-17T06:03:05","slug":"sondagstur","status":"publish","type":"product","link":"https:\/\/outdoortime.se\/stockentraffen\/produkt\/sondagstur\/","title":{"rendered":"S\u00f6ndag &#8211; Gullholmen &amp; Grindebacken"},"content":{"rendered":"","protected":false},"excerpt":{"rendered":"<p>Kortare paddling till Gullholmen med en fika innan vi styr mot caf\u00e9 Grindebacken p\u00e5 H\u00e4rman\u00f6 d\u00e4r vi \u00e4ter lunch.<\/p>\n<p>Varmt v\u00e4lkommen! \ud83d\ude42<\/p>\n<p>&nbsp;<\/p>\n","protected":false},"featured_media":244,"template":"","meta":{"_et_pb_use_builder":"","_et_pb_old_content":"","_et_gb_content_width":""},"product_brand":[],"product_cat":[22],"product_tag":[],"class_list":{"0":"post-243","1":"product","2":"type-product","3":"status-publish","4":"has-post-thumbnail","6":"product_cat-sondag","8":"first","9":"instock","10":"sold-individually","11":"shipping-taxable","12":"purchasable","13":"product-type-simple"},"_links":{"self":[{"href":"https:\/\/outdoortime.se\/stockentraffen\/wp-json\/wp\/v2\/product\/243","targetHints":{"allow":["GET"]}}],"collection":[{"href":"https:\/\/outdoortime.se\/stockentraffen\/wp-json\/wp\/v2\/product"}],"about":[{"href":"https:\/\/outdoortime.se\/stockentraffen\/wp-json\/wp\/v2\/types\/product"}],"wp:featuredmedia":[{"embeddable":true,"href":"https:\/\/outdoortime.se\/stockentraffen\/wp-json\/wp\/v2\/media\/244"}],"wp:attachment":[{"href":"https:\/\/outdoortime.se\/stockentraffen\/wp-json\/wp\/v2\/media?parent=243"}],"wp:term":[{"taxonomy":"product_brand","embeddable":true,"href":"https:\/\/outdoortime.se\/stockentraffen\/wp-json\/wp\/v2\/product_brand?post=243"},{"taxonomy":"product_cat","embeddable":true,"href":"https:\/\/outdoortime.se\/stockentraffen\/wp-json\/wp\/v2\/product_cat?post=243"},{"taxonomy":"product_tag","embeddable":true,"href":"https:\/\/outdoortime.se\/stockentraffen\/wp-json\/wp\/v2\/product_tag?post=243"}],"curies":[{"name":"wp","href":"https:\/\/api.w.org\/{rel}","templated":true}]}}