{"id":647,"date":"2024-06-20T23:14:10","date_gmt":"2024-06-20T21:14:10","guid":{"rendered":"https:\/\/outdoortime.se\/stockentraffen\/?post_type=product&#038;p=647"},"modified":"2025-06-28T10:53:08","modified_gmt":"2025-06-28T08:53:08","slug":"gronlandspaddelteknik","status":"publish","type":"product","link":"https:\/\/outdoortime.se\/stockentraffen\/produkt\/gronlandspaddelteknik\/","title":{"rendered":"L\u00f6rdag &#8211; Bj\u00f6rn Thomasson h\u00e5ller kurs i paddelteknik med gr\u00f6nlandspaddel"},"content":{"rendered":"<div dir=\"ltr\">\n<div dir=\"ltr\">\n<div dir=\"ltr\"><\/div>\n<\/div>\n<\/div>\n<div dir=\"ltr\">\n<div dir=\"ltr\">\n<div dir=\"ltr\">\n<p>&nbsp;<\/p>\n<\/div>\n<\/div>\n<\/div>\n<p>&nbsp;<\/p>\n","protected":false},"excerpt":{"rendered":"<div dir=\"ltr\">\n<div dir=\"ltr\">\n<div dir=\"ltr\">\n<p><strong>Teknik med gr\u00f6nlandspaddel &#8211; l<\/strong><strong>\u00f6rdag 16 augusti kl 13.00 \u2013 ca 15.00<\/strong><\/p>\n<p>En gr\u00f6nlandspaddel kan se enkel ut, men den \u00e4r ett h\u00f6geffektivt redskap f\u00f6r uth\u00e5llig paddling och f\u00f6r man\u00f6vrering och s\u00e4kerhet. Men tekniken f\u00f6r att locka fram godbitarna \u00e4r inte alltid sj\u00e4lvklar \u2013 framf\u00f6r allt inte f\u00f6r den som vant sig vid industrins plastpaddlar. Vi tittar p\u00e5 effektiv l\u00e5ngf\u00e4rdsteknik, att komma l\u00e4ngre med mindre jobb. Att hitta toppfart n\u00e4r det beh\u00f6vs. Att f\u00e5 maximal effektiv vid girar, sidof\u00f6rflyttningar mm.<\/p>\n<p>En stunds teori p\u00e5 land om gr\u00f6nlandspaddelns dimensioner, egenskaper och funktion i vattnet f\u00f6ljt av ett par timmars praktik i vattnen runt Stocken.<\/p>\n<p>&nbsp;<\/p>\n<ul>\n<li>Egen gr\u00f6nlandspaddel \u00e4r s\u00e5klart en f\u00f6rdel, men det kommer att finns n\u00e5gra att l\u00e5na<\/li>\n<li>Inga f\u00f6rkunskaper beh\u00f6vs<\/li>\n<li>Tid: ca 2 timmar<\/li>\n<li>Max 12 deltagare<\/li>\n<li>Kostnad: 800,00 &#8211; betalas direkt till Bj\u00f6rn via swish 123 321 63 71<\/li>\n<li>Anm\u00e4lan \u00e4r bindande n\u00e4r betalning skett. Om en kurs st\u00e4lls in eller om du avbokar senast 24 timmar innan den b\u00f6rjar \u00e5terbetalas hela beloppet<\/li>\n<li>Anm\u00e4lan via mail direkt till Bj\u00f6rn &#8211; <a href=\"mailto:bjorn@thomassondesign.com\">bjorn@thomassondesign.com<\/a><\/li>\n<\/ul>\n<\/div>\n<p>Samling p\u00e5 stranden, gr\u00e4smattan n\u00e4rmare restaurangen.<\/p>\n<\/div>\n<\/div>\n<p data-pm-slice=\"1 1 []\">Varmt v\u00e4lkomna!<\/p>\n<pre><\/pre>\n","protected":false},"featured_media":652,"template":"","meta":{"_et_pb_use_builder":"","_et_pb_old_content":"","_et_gb_content_width":""},"product_brand":[],"product_cat":[20],"product_tag":[],"class_list":{"0":"post-647","1":"product","2":"type-product","3":"status-publish","4":"has-post-thumbnail","6":"product_cat-lordag","8":"first","9":"outofstock","10":"sold-individually","11":"shipping-taxable","12":"product-type-simple"},"_links":{"self":[{"href":"https:\/\/outdoortime.se\/stockentraffen\/wp-json\/wp\/v2\/product\/647","targetHints":{"allow":["GET"]}}],"collection":[{"href":"https:\/\/outdoortime.se\/stockentraffen\/wp-json\/wp\/v2\/product"}],"about":[{"href":"https:\/\/outdoortime.se\/stockentraffen\/wp-json\/wp\/v2\/types\/product"}],"wp:featuredmedia":[{"embeddable":true,"href":"https:\/\/outdoortime.se\/stockentraffen\/wp-json\/wp\/v2\/media\/652"}],"wp:attachment":[{"href":"https:\/\/outdoortime.se\/stockentraffen\/wp-json\/wp\/v2\/media?parent=647"}],"wp:term":[{"taxonomy":"product_brand","embeddable":true,"href":"https:\/\/outdoortime.se\/stockentraffen\/wp-json\/wp\/v2\/product_brand?post=647"},{"taxonomy":"product_cat","embeddable":true,"href":"https:\/\/outdoortime.se\/stockentraffen\/wp-json\/wp\/v2\/product_cat?post=647"},{"taxonomy":"product_tag","embeddable":true,"href":"https:\/\/outdoortime.se\/stockentraffen\/wp-json\/wp\/v2\/product_tag?post=647"}],"curies":[{"name":"wp","href":"https:\/\/api.w.org\/{rel}","templated":true}]}}