{"id":653,"date":"2024-06-22T19:18:52","date_gmt":"2024-06-22T17:18:52","guid":{"rendered":"https:\/\/outdoortime.se\/stockentraffen\/?post_type=product&#038;p=653"},"modified":"2025-07-23T10:13:31","modified_gmt":"2025-07-23T08:13:31","slug":"rollkurs-for-dig-som-redan-rollar-men-vill-utvecklas-kopia","status":"publish","type":"product","link":"https:\/\/outdoortime.se\/stockentraffen\/produkt\/rollkurs-for-dig-som-redan-rollar-men-vill-utvecklas-kopia\/","title":{"rendered":"Rollkurs &#8211; f\u00f6r dig som redan rollar men vill utvecklas"},"content":{"rendered":"","protected":false},"excerpt":{"rendered":"<h4>Kan du redan rolla men vill l\u00e4ra dig flera varianter?<\/h4>\n<div>Under Stockentr\u00e4ffen har du m\u00f6jlighet att g\u00e5 en kurs arrangerad av\u00a0medlemmarna i Rolltokarna, en ideell f\u00f6rening som fr\u00e4mjar gr\u00f6nl\u00e4ndska traditioner\u00a0inom kajak med s\u00e4rskild inriktning mot gr\u00f6nlandsroll .<\/div>\n<div>Rolltokarna kan l\u00e4ra ut och ge feedback p\u00e5 alla 34 rollar p\u00e5 den officiella rollistan &#8211; och n\u00e5gra till.<\/div>\n<div><\/div>\n<div>Oavsett om det \u00e4r n\u00e5gon specifik roll du vill tr\u00e4na p\u00e5 eller om du bara \u00e4r allm\u00e4nt nyfiken, kommer du garanterat\u00a0att f\u00e5 nya insikter och f\u00e4rdigheter inom roll.<\/div>\n<div>Kursen \u00e4r f\u00f6r en mindre grupp, 8 personer, s\u00e5 att alla deltagare f\u00e5r maximal uppm\u00e4rksamhet.<\/div>\n<div>\n<ul>\n<li>Tid 09.30 &#8211; 12.00. Kursen varar 2 timmar + 30 minuter transportpaddling till badviken<\/li>\n<li>Anm\u00e4lan <strong>via mail<\/strong> direkt till <a href=\"mailto:johan.dewrang@gmail.com\">johan.dewrang@gmail.com<\/a><\/li>\n<li>Kostnad: 1000 kr \u2013 betalas direkt till Johan Dewrang &#8211; Swish 0705693610<\/li>\n<\/ul>\n<\/div>\n<div>Varmt v\u00e4lkomna!<\/div>\n<div><\/div>\n<div><\/div>\n<div>\n<div>\n<div>\n<div><\/div>\n<\/div>\n<div><\/div>\n<\/div>\n<\/div>\n","protected":false},"featured_media":660,"template":"","meta":{"_et_pb_use_builder":"","_et_pb_old_content":"","_et_gb_content_width":""},"product_brand":[],"product_cat":[20,22],"product_tag":[],"class_list":{"0":"post-653","1":"product","2":"type-product","3":"status-publish","4":"has-post-thumbnail","6":"product_cat-lordag","7":"product_cat-sondag","9":"first","10":"instock","11":"sold-individually","12":"shipping-taxable","13":"product-type-simple"},"_links":{"self":[{"href":"https:\/\/outdoortime.se\/stockentraffen\/wp-json\/wp\/v2\/product\/653","targetHints":{"allow":["GET"]}}],"collection":[{"href":"https:\/\/outdoortime.se\/stockentraffen\/wp-json\/wp\/v2\/product"}],"about":[{"href":"https:\/\/outdoortime.se\/stockentraffen\/wp-json\/wp\/v2\/types\/product"}],"wp:featuredmedia":[{"embeddable":true,"href":"https:\/\/outdoortime.se\/stockentraffen\/wp-json\/wp\/v2\/media\/660"}],"wp:attachment":[{"href":"https:\/\/outdoortime.se\/stockentraffen\/wp-json\/wp\/v2\/media?parent=653"}],"wp:term":[{"taxonomy":"product_brand","embeddable":true,"href":"https:\/\/outdoortime.se\/stockentraffen\/wp-json\/wp\/v2\/product_brand?post=653"},{"taxonomy":"product_cat","embeddable":true,"href":"https:\/\/outdoortime.se\/stockentraffen\/wp-json\/wp\/v2\/product_cat?post=653"},{"taxonomy":"product_tag","embeddable":true,"href":"https:\/\/outdoortime.se\/stockentraffen\/wp-json\/wp\/v2\/product_tag?post=653"}],"curies":[{"name":"wp","href":"https:\/\/api.w.org\/{rel}","templated":true}]}}