{"id":662,"date":"2024-06-26T23:14:59","date_gmt":"2024-06-26T21:14:59","guid":{"rendered":"https:\/\/outdoortime.se\/stockentraffen\/?post_type=product&#038;p=662"},"modified":"2025-08-15T07:30:20","modified_gmt":"2025-08-15T05:30:20","slug":"skon-yoga-som-alla-kan-vara-med-pa","status":"publish","type":"product","link":"https:\/\/outdoortime.se\/stockentraffen\/produkt\/skon-yoga-som-alla-kan-vara-med-pa\/","title":{"rendered":"Sk\u00f6n yoga som alla kan vara med p\u00e5!"},"content":{"rendered":"","protected":false},"excerpt":{"rendered":"<p>Inst\u00e4llt pga brist p\u00e5 yogaledare. Vi provar igen n\u00e4sta \u00e5r \ud83d\ude42<\/p>\n<p>&nbsp;<\/p>\n<p>&#8212;&#8212;<\/p>\n<p>&nbsp;<\/p>\n<p>Tillsammans med Lena \u00c5berg \u00e4r vi s\u00e5 glada att kunna erbjuda alla deltagare en morgonyoga som mest best\u00e5r av stretch\u00f6vningar som f\u00e5r ig\u00e5ng kroppen och s\u00e4rskilt de omr\u00e5den du anv\u00e4nder f\u00f6r paddling. Lenas yoga kommer att vara p\u00e5 en niv\u00e5 som passar alla!<\/p>\n<p>Ta med dig en yogamatta om du har, eller en handduk.<\/p>\n<p>Vi h\u00e5ller till bredvid minigolfen\/reception p\u00e5 gr\u00e4smattan. V\u00e4lkommen klockan 07:30<\/p>\n<p>Yogan \u00e4r kostnadsfri, men anm\u00e4l dig g\u00e4rna s\u00e5 vi f\u00e5r en uppfattning om antalet deltagare.<\/p>\n","protected":false},"featured_media":630,"template":"","meta":{"_et_pb_use_builder":"","_et_pb_old_content":"","_et_gb_content_width":""},"product_brand":[],"product_cat":[20,22],"product_tag":[],"class_list":{"0":"post-662","1":"product","2":"type-product","3":"status-publish","4":"has-post-thumbnail","6":"product_cat-lordag","7":"product_cat-sondag","9":"first","10":"outofstock","11":"shipping-taxable","12":"purchasable","13":"product-type-simple"},"_links":{"self":[{"href":"https:\/\/outdoortime.se\/stockentraffen\/wp-json\/wp\/v2\/product\/662","targetHints":{"allow":["GET"]}}],"collection":[{"href":"https:\/\/outdoortime.se\/stockentraffen\/wp-json\/wp\/v2\/product"}],"about":[{"href":"https:\/\/outdoortime.se\/stockentraffen\/wp-json\/wp\/v2\/types\/product"}],"wp:featuredmedia":[{"embeddable":true,"href":"https:\/\/outdoortime.se\/stockentraffen\/wp-json\/wp\/v2\/media\/630"}],"wp:attachment":[{"href":"https:\/\/outdoortime.se\/stockentraffen\/wp-json\/wp\/v2\/media?parent=662"}],"wp:term":[{"taxonomy":"product_brand","embeddable":true,"href":"https:\/\/outdoortime.se\/stockentraffen\/wp-json\/wp\/v2\/product_brand?post=662"},{"taxonomy":"product_cat","embeddable":true,"href":"https:\/\/outdoortime.se\/stockentraffen\/wp-json\/wp\/v2\/product_cat?post=662"},{"taxonomy":"product_tag","embeddable":true,"href":"https:\/\/outdoortime.se\/stockentraffen\/wp-json\/wp\/v2\/product_tag?post=662"}],"curies":[{"name":"wp","href":"https:\/\/api.w.org\/{rel}","templated":true}]}}