{"id":668,"date":"2024-06-30T17:53:14","date_gmt":"2024-06-30T15:53:14","guid":{"rendered":"https:\/\/outdoortime.se\/stockentraffen\/?post_type=product&#038;p=668"},"modified":"2025-07-21T22:52:06","modified_gmt":"2025-07-21T20:52:06","slug":"harmano-och-grindebacken","status":"publish","type":"product","link":"https:\/\/outdoortime.se\/stockentraffen\/produkt\/harmano-och-grindebacken\/","title":{"rendered":"Fredag &#8211;  H\u00e4rman\u00f6 med lunch p\u00e5 Grindebacken"},"content":{"rendered":"","protected":false},"excerpt":{"rendered":"<p>M\u00e5nga vill ut redan fredag och vi ordnar en tur till H\u00e4rman\u00f6 men lyxar till det med lunch p\u00e5 gulliga caf\u00e9et Grindebacken.<\/p>\n<p>D\u00e5 vattnen kring Stocken \u00e4r stundtals utsatta beh\u00f6ver du som alltid n\u00e4r det g\u00e4ller paddlingar med Tj\u00f6rns Kajakklubb vara en van paddlare som klarar en del v\u00e5gor och kamratr\u00e4ddning. V\u00e5ra turguider leder gruppen runt i den fina milj\u00f6n men du \u00e4r sj\u00e4lv ansvarig f\u00f6r din s\u00e4kerhet, \u00e4ven om vi i gruppen givetvis hj\u00e4lps \u00e5t om n\u00e5got intr\u00e4ffar.<\/p>\n<p>Vi t\u00e4nker oss en 3-4 timmars-tur med start klockan 10.30.<\/p>\n<p>Du som bokar dig p\u00e5 turen f\u00e5r direkt ett automatiskt svarsmail med ALL info. Inget mer mail kommer n\u00e4r det n\u00e4rmar sig, s\u00e5 spara mailet!<\/p>\n<p>Gl\u00f6m inte att h\u00f6ra av dig om du vill avboka dig, s\u00e5 att n\u00e5gon annan glad paddlare kan f\u00f6lja med.<\/p>\n<p>Varmt v\u00e4lkommen!<\/p>\n","protected":false},"featured_media":830,"template":"","meta":{"_et_pb_use_builder":"","_et_pb_old_content":"","_et_gb_content_width":""},"product_brand":[],"product_cat":[19],"product_tag":[],"class_list":{"0":"post-668","1":"product","2":"type-product","3":"status-publish","4":"has-post-thumbnail","6":"product_cat-fredag","8":"first","9":"outofstock","10":"virtual","11":"sold-individually","12":"purchasable","13":"product-type-simple"},"_links":{"self":[{"href":"https:\/\/outdoortime.se\/stockentraffen\/wp-json\/wp\/v2\/product\/668","targetHints":{"allow":["GET"]}}],"collection":[{"href":"https:\/\/outdoortime.se\/stockentraffen\/wp-json\/wp\/v2\/product"}],"about":[{"href":"https:\/\/outdoortime.se\/stockentraffen\/wp-json\/wp\/v2\/types\/product"}],"wp:featuredmedia":[{"embeddable":true,"href":"https:\/\/outdoortime.se\/stockentraffen\/wp-json\/wp\/v2\/media\/830"}],"wp:attachment":[{"href":"https:\/\/outdoortime.se\/stockentraffen\/wp-json\/wp\/v2\/media?parent=668"}],"wp:term":[{"taxonomy":"product_brand","embeddable":true,"href":"https:\/\/outdoortime.se\/stockentraffen\/wp-json\/wp\/v2\/product_brand?post=668"},{"taxonomy":"product_cat","embeddable":true,"href":"https:\/\/outdoortime.se\/stockentraffen\/wp-json\/wp\/v2\/product_cat?post=668"},{"taxonomy":"product_tag","embeddable":true,"href":"https:\/\/outdoortime.se\/stockentraffen\/wp-json\/wp\/v2\/product_tag?post=668"}],"curies":[{"name":"wp","href":"https:\/\/api.w.org\/{rel}","templated":true}]}}