{"id":670,"date":"2024-06-30T18:12:21","date_gmt":"2024-06-30T16:12:21","guid":{"rendered":"https:\/\/outdoortime.se\/stockentraffen\/?post_type=product&#038;p=670"},"modified":"2025-08-15T10:21:56","modified_gmt":"2025-08-15T08:21:56","slug":"vallero","status":"publish","type":"product","link":"https:\/\/outdoortime.se\/stockentraffen\/produkt\/vallero\/","title":{"rendered":"L\u00f6rdag &#8211; H\u00e4rman\u00f6 med bes\u00f6k p\u00e5 kringliggande \u00f6ar"},"content":{"rendered":"","protected":false},"excerpt":{"rendered":"<p>V\u00e5r traditionella Stockentr\u00e4ffen tur under l\u00f6rdagen brukar inkludera H\u00e4rman\u00f6huvud p\u00e5 n\u00e5got s\u00e4tt, men i \u00f6vrigt varierar vi den s\u00e5 inte alla grupper \u00e4r p\u00e5 samma st\u00e4lle samtidigt. Vi anpassar turen efter v\u00e4dret och ser till att vi f\u00e5r en fin dag.<\/p>\n<p>I \u00e5r kommer vi att samla alla turer mot H\u00e4rman\u00f6 tillsammans p\u00e5 stranden klockan 10.00.\u00a0 D\u00e5 delar vi upp oss i grupper baserade tempo och \u00f6nskem\u00e5l om destination. Var sj\u00f6klar klockan 10.00 p\u00e5 stranden<\/p>\n<p>Vi startar klockan 10.00 och \u00e4r ute och paddlar fram till \u00e5tminstone klockan 15.00 och har b\u00e5de fika och lunchstopp inplanerade.<\/p>\n<p>Du beh\u00f6ver precis som f\u00f6r alla andra turer under Stockentr\u00e4ffen vara en van paddlare f\u00f6r att kunna delta. Vattnen runt Stocken \u00e4r stundtals utsatta och du beh\u00f6ver kunna klara l\u00e4ngre stunder i kajaken och kamratr\u00e4ddning. V\u00e5ra guider ansvarar f\u00f6r att ta gruppen till fina platser men du \u00e4r sj\u00e4lv ansvarig f\u00f6r s\u00e4kerhet \u00e4ven om gruppen givetvis hj\u00e4lps \u00e5t om n\u00e5got intr\u00e4ffar.<\/p>\n<p>OBS: N\u00e4r du bokar dig f\u00e5r du ett informationsmail och inget annat mail kommer att skickas d\u00e4refter, s\u00e5 h\u00e5ll reda p\u00e5 det \ud83d\ude42<\/p>\n","protected":false},"featured_media":671,"template":"","meta":{"_et_pb_use_builder":"","_et_pb_old_content":"","_et_gb_content_width":""},"product_brand":[],"product_cat":[20],"product_tag":[],"class_list":{"0":"post-670","1":"product","2":"type-product","3":"status-publish","4":"has-post-thumbnail","6":"product_cat-lordag","8":"first","9":"outofstock","10":"sold-individually","11":"shipping-taxable","12":"purchasable","13":"product-type-simple"},"_links":{"self":[{"href":"https:\/\/outdoortime.se\/stockentraffen\/wp-json\/wp\/v2\/product\/670","targetHints":{"allow":["GET"]}}],"collection":[{"href":"https:\/\/outdoortime.se\/stockentraffen\/wp-json\/wp\/v2\/product"}],"about":[{"href":"https:\/\/outdoortime.se\/stockentraffen\/wp-json\/wp\/v2\/types\/product"}],"wp:featuredmedia":[{"embeddable":true,"href":"https:\/\/outdoortime.se\/stockentraffen\/wp-json\/wp\/v2\/media\/671"}],"wp:attachment":[{"href":"https:\/\/outdoortime.se\/stockentraffen\/wp-json\/wp\/v2\/media?parent=670"}],"wp:term":[{"taxonomy":"product_brand","embeddable":true,"href":"https:\/\/outdoortime.se\/stockentraffen\/wp-json\/wp\/v2\/product_brand?post=670"},{"taxonomy":"product_cat","embeddable":true,"href":"https:\/\/outdoortime.se\/stockentraffen\/wp-json\/wp\/v2\/product_cat?post=670"},{"taxonomy":"product_tag","embeddable":true,"href":"https:\/\/outdoortime.se\/stockentraffen\/wp-json\/wp\/v2\/product_tag?post=670"}],"curies":[{"name":"wp","href":"https:\/\/api.w.org\/{rel}","templated":true}]}}