{"id":741,"date":"2024-07-22T16:54:06","date_gmt":"2024-07-22T14:54:06","guid":{"rendered":"https:\/\/outdoortime.se\/stockentraffen\/?post_type=product&#038;p=741"},"modified":"2025-07-06T09:34:22","modified_gmt":"2025-07-06T07:34:22","slug":"hermano-2","status":"publish","type":"product","link":"https:\/\/outdoortime.se\/stockentraffen\/produkt\/hermano-2\/","title":{"rendered":"L\u00f6rdag &#8211; Vasholmarna"},"content":{"rendered":"","protected":false},"excerpt":{"rendered":"<p>Stockentr\u00e4ffens l\u00e4ngsta och mest utmanande tur f\u00f6r erfarna paddlare g\u00e5r i \u00e5r till Vasholmarna. Du beh\u00f6ver ha mycket goda paddelkunskaper, motsvarande gr\u00f6nt paddelpass minst.\u00a0 Turen kan bli upp\u00e5t 2 mil.<\/p>\n<p>Sj\u00f6klara p\u00e5 stranden 09.30<\/p>\n<p>Max 8 deltagare<\/p>\n<p>Ledare: Jonas Alexandersson och Carina Eriksson<\/p>\n","protected":false},"featured_media":831,"template":"","meta":{"_et_pb_use_builder":"","_et_pb_old_content":"","_et_gb_content_width":""},"product_brand":[],"product_cat":[20],"product_tag":[],"class_list":{"0":"post-741","1":"product","2":"type-product","3":"status-publish","4":"has-post-thumbnail","6":"product_cat-lordag","8":"first","9":"outofstock","10":"sold-individually","11":"shipping-taxable","12":"purchasable","13":"product-type-simple"},"_links":{"self":[{"href":"https:\/\/outdoortime.se\/stockentraffen\/wp-json\/wp\/v2\/product\/741","targetHints":{"allow":["GET"]}}],"collection":[{"href":"https:\/\/outdoortime.se\/stockentraffen\/wp-json\/wp\/v2\/product"}],"about":[{"href":"https:\/\/outdoortime.se\/stockentraffen\/wp-json\/wp\/v2\/types\/product"}],"wp:featuredmedia":[{"embeddable":true,"href":"https:\/\/outdoortime.se\/stockentraffen\/wp-json\/wp\/v2\/media\/831"}],"wp:attachment":[{"href":"https:\/\/outdoortime.se\/stockentraffen\/wp-json\/wp\/v2\/media?parent=741"}],"wp:term":[{"taxonomy":"product_brand","embeddable":true,"href":"https:\/\/outdoortime.se\/stockentraffen\/wp-json\/wp\/v2\/product_brand?post=741"},{"taxonomy":"product_cat","embeddable":true,"href":"https:\/\/outdoortime.se\/stockentraffen\/wp-json\/wp\/v2\/product_cat?post=741"},{"taxonomy":"product_tag","embeddable":true,"href":"https:\/\/outdoortime.se\/stockentraffen\/wp-json\/wp\/v2\/product_tag?post=741"}],"curies":[{"name":"wp","href":"https:\/\/api.w.org\/{rel}","templated":true}]}}