{"id":827,"date":"2025-06-23T10:52:25","date_gmt":"2025-06-23T08:52:25","guid":{"rendered":"https:\/\/outdoortime.se\/stockentraffen\/?post_type=product&#038;p=827"},"modified":"2025-06-28T10:51:32","modified_gmt":"2025-06-28T08:51:32","slug":"bjorn-thomasson-erbjuder-kurs-i-gronlandsk-standardroll-lordag","status":"publish","type":"product","link":"https:\/\/outdoortime.se\/stockentraffen\/produkt\/bjorn-thomasson-erbjuder-kurs-i-gronlandsk-standardroll-lordag\/","title":{"rendered":"L\u00f6rdag &#8211; Bj\u00f6rn Thomasson erbjuder kurs i gr\u00f6nl\u00e4ndsk standardroll"},"content":{"rendered":"<p>&nbsp;<\/p>\n<p>&nbsp;<\/p>\n","protected":false},"excerpt":{"rendered":"<div dir=\"ltr\">\n<div dir=\"ltr\">\n<div dir=\"ltr\">\n<div>\n<p><strong>Gr\u00f6nl\u00e4ndsk standardroll l\u00f6rdag 16 augusti klockan 09.30 \u201312.00\u00a0<\/strong><\/p>\n<p>En gr\u00f6nl\u00e4ndsk standardroll \u00e4r den enklaste och s\u00e4kraste r\u00e4ddningsman\u00f6vern som finns \u2013 och dessutom s\u00e5 kul att det blir sv\u00e5rt att avst\u00e5 fr\u00e5n att tr\u00e4na.<br \/>\nVi g\u00e5r igenom teorin p\u00e5 land och \u00f6var sedan grunderna individuellt och i grupp.<br \/>\nRollen \u00e4r naturligtvis enklast att l\u00e4ra och g\u00f6ra med gr\u00f6nlandspaddel och jag kommer att fokusera p\u00e5 det \u2013 men g\u00e5r att g\u00f6ra \u00e4ven med andra paddeltyper.<br \/>\nInga f\u00f6rkunskaper beh\u00f6vs.<\/p>\n<ul>\n<li>Tid 2 timmar (+ transportpaddling till badviken<\/li>\n<li>Kostnad: 1000,00 \u2013 betalas direkt till Bj\u00f6rn via swish 123 321 63 71<\/li>\n<li>Anm\u00e4lan \u00e4r bindande n\u00e4r betalning skett. Om en kurs st\u00e4lls in eller om du avbokar senast 24 timmar innan den b\u00f6rjar \u00e5terbetalas hela beloppet<\/li>\n<li>Anm\u00e4lan via mail direkt till Bj\u00f6rn \u2013\u00a0<a href=\"mailto:bjorn@thomassondesign.com\">bjorn@thomassondesign.com<\/a><\/li>\n<\/ul>\n<p>Samling p\u00e5 stranden, gr\u00e4smattan n\u00e4rmare restaurangen.<\/p>\n<p>Varmt v\u00e4lkomna<\/p>\n<\/div>\n<\/div>\n<\/div>\n<\/div>\n","protected":false},"featured_media":645,"template":"","meta":{"_et_pb_use_builder":"","_et_pb_old_content":"","_et_gb_content_width":""},"product_brand":[],"product_cat":[20],"product_tag":[],"class_list":{"0":"post-827","1":"product","2":"type-product","3":"status-publish","4":"has-post-thumbnail","6":"product_cat-lordag","8":"first","9":"outofstock","10":"sold-individually","11":"shipping-taxable","12":"product-type-simple"},"_links":{"self":[{"href":"https:\/\/outdoortime.se\/stockentraffen\/wp-json\/wp\/v2\/product\/827","targetHints":{"allow":["GET"]}}],"collection":[{"href":"https:\/\/outdoortime.se\/stockentraffen\/wp-json\/wp\/v2\/product"}],"about":[{"href":"https:\/\/outdoortime.se\/stockentraffen\/wp-json\/wp\/v2\/types\/product"}],"wp:featuredmedia":[{"embeddable":true,"href":"https:\/\/outdoortime.se\/stockentraffen\/wp-json\/wp\/v2\/media\/645"}],"wp:attachment":[{"href":"https:\/\/outdoortime.se\/stockentraffen\/wp-json\/wp\/v2\/media?parent=827"}],"wp:term":[{"taxonomy":"product_brand","embeddable":true,"href":"https:\/\/outdoortime.se\/stockentraffen\/wp-json\/wp\/v2\/product_brand?post=827"},{"taxonomy":"product_cat","embeddable":true,"href":"https:\/\/outdoortime.se\/stockentraffen\/wp-json\/wp\/v2\/product_cat?post=827"},{"taxonomy":"product_tag","embeddable":true,"href":"https:\/\/outdoortime.se\/stockentraffen\/wp-json\/wp\/v2\/product_tag?post=827"}],"curies":[{"name":"wp","href":"https:\/\/api.w.org\/{rel}","templated":true}]}}