{"id":828,"date":"2025-06-23T11:03:06","date_gmt":"2025-06-23T09:03:06","guid":{"rendered":"https:\/\/outdoortime.se\/stockentraffen\/?post_type=product&#038;p=828"},"modified":"2025-08-11T17:27:28","modified_gmt":"2025-08-11T15:27:28","slug":"kastrull-och-kajak","status":"publish","type":"product","link":"https:\/\/outdoortime.se\/stockentraffen\/produkt\/kastrull-och-kajak\/","title":{"rendered":"L\u00f6rdag &#8211; Kastrull &amp; Kajak"},"content":{"rendered":"","protected":false},"excerpt":{"rendered":"<p>\u00c4ta gott under paddling \u00e4r ju en h\u00f6jdare. L\u00e5t oss bjuda varandra p\u00e5 v\u00e5ra smartaste r\u00e4tter.<\/p>\n<p>Du v\u00e4ljer sj\u00e4lv vad du vill laga, en r\u00e4tt + n\u00e5got litet (kan vara tilltugg, f\u00f6rr\u00e4tt, efterr\u00e4tt). Det beh\u00f6ver inte vara lyxigt, <strong>t\u00e4nk g\u00e4rna gott, h\u00e5llbart och smidigt<\/strong> att laga p\u00e5 \u00f6vernattningstur.<\/p>\n<p>Vi samlar in recepten och s\u00e4tter ihop s\u00e5 har vi inspiration n\u00e4r id\u00e9erna tryter.<\/p>\n<p>Maten du lagar ska r\u00e4cka till smakprover till 10 personer. Ta med n\u00e5got att servera p\u00e5 (t ex sm\u00e5 papperstallrikar eller glassb\u00e4gare)<\/p>\n<p>Vi kan tipsa varandra om h\u00e5llbara livsmedel baserat p\u00e5 erfarenhet och inte bara vad det st\u00e5r p\u00e5 paketen. Som h\u00e5ller \u00e4ven utanf\u00f6r kylsk\u00e5pet. Givetvis paddlar vi ocks\u00e5, men fokus kommer att vara matlagningen under just den h\u00e4r turen.<\/p>\n<p>Max antal deltagare 8 personer + Veronica Persson och Karin Schoemaker<\/p>\n<p>Samling p\u00e5 stranden 09.30<\/p>\n","protected":false},"featured_media":829,"template":"","meta":{"_et_pb_use_builder":"","_et_pb_old_content":"","_et_gb_content_width":""},"product_brand":[],"product_cat":[20],"product_tag":[],"class_list":{"0":"post-828","1":"product","2":"type-product","3":"status-publish","4":"has-post-thumbnail","6":"product_cat-lordag","8":"first","9":"instock","10":"sold-individually","11":"shipping-taxable","12":"purchasable","13":"product-type-simple"},"_links":{"self":[{"href":"https:\/\/outdoortime.se\/stockentraffen\/wp-json\/wp\/v2\/product\/828","targetHints":{"allow":["GET"]}}],"collection":[{"href":"https:\/\/outdoortime.se\/stockentraffen\/wp-json\/wp\/v2\/product"}],"about":[{"href":"https:\/\/outdoortime.se\/stockentraffen\/wp-json\/wp\/v2\/types\/product"}],"wp:featuredmedia":[{"embeddable":true,"href":"https:\/\/outdoortime.se\/stockentraffen\/wp-json\/wp\/v2\/media\/829"}],"wp:attachment":[{"href":"https:\/\/outdoortime.se\/stockentraffen\/wp-json\/wp\/v2\/media?parent=828"}],"wp:term":[{"taxonomy":"product_brand","embeddable":true,"href":"https:\/\/outdoortime.se\/stockentraffen\/wp-json\/wp\/v2\/product_brand?post=828"},{"taxonomy":"product_cat","embeddable":true,"href":"https:\/\/outdoortime.se\/stockentraffen\/wp-json\/wp\/v2\/product_cat?post=828"},{"taxonomy":"product_tag","embeddable":true,"href":"https:\/\/outdoortime.se\/stockentraffen\/wp-json\/wp\/v2\/product_tag?post=828"}],"curies":[{"name":"wp","href":"https:\/\/api.w.org\/{rel}","templated":true}]}}