{"id":835,"date":"2025-07-04T21:04:07","date_gmt":"2025-07-04T19:04:07","guid":{"rendered":"https:\/\/outdoortime.se\/stockentraffen\/?post_type=product&#038;p=835"},"modified":"2025-07-16T17:55:25","modified_gmt":"2025-07-16T15:55:25","slug":"lordag-glasstur-till-karringon-och-andra-fina-oar-i-omradet","status":"publish","type":"product","link":"https:\/\/outdoortime.se\/stockentraffen\/produkt\/lordag-glasstur-till-karringon-och-andra-fina-oar-i-omradet\/","title":{"rendered":"L\u00f6rdag &#8211; Glasstur till K\u00e4rring\u00f6n och andra fina \u00f6ar i omr\u00e5det"},"content":{"rendered":"","protected":false},"excerpt":{"rendered":"<p>K\u00e4rring\u00f6n \u00e4r en h\u00e4rlig destination. Denna grupp har som m\u00e5l att komma dit och \u00e4ta glass. Givetvis kommer vi att stanna till p\u00e5 andra fina \u00f6ar under dagen.<\/p>\n<p>Vi startar klockan 09:30 och \u00e4r ute och paddlar fram till \u00e5tminstone klockan 15.00 och har b\u00e5de fika och lunchstopp inplanerade.<\/p>\n<p>Du beh\u00f6ver precis som f\u00f6r alla andra turer under Stockentr\u00e4ffen vara en van paddlare f\u00f6r att kunna delta. Vattnen runt Stocken \u00e4r stundtals utsatta och du beh\u00f6ver kunna klara l\u00e4ngre stunder i kajaken och kamratr\u00e4ddning. V\u00e5ra guider ansvarar f\u00f6r att ta gruppen till fina platser men du \u00e4r sj\u00e4lv ansvarig f\u00f6r s\u00e4kerhet \u00e4ven om gruppen givetvis hj\u00e4lps \u00e5t om n\u00e5got intr\u00e4ffar.<\/p>\n<p>OBS: N\u00e4r du bokar dig f\u00e5r du ett informationsmail och inget annat mail kommer att skickas d\u00e4refter, s\u00e5 h\u00e5ll reda p\u00e5 det \ud83d\ude42<\/p>\n","protected":false},"featured_media":836,"template":"","meta":{"_et_pb_use_builder":"","_et_pb_old_content":"","_et_gb_content_width":""},"product_brand":[],"product_cat":[20],"product_tag":[],"class_list":{"0":"post-835","1":"product","2":"type-product","3":"status-publish","4":"has-post-thumbnail","6":"product_cat-lordag","8":"first","9":"outofstock","10":"sold-individually","11":"shipping-taxable","12":"purchasable","13":"product-type-simple"},"_links":{"self":[{"href":"https:\/\/outdoortime.se\/stockentraffen\/wp-json\/wp\/v2\/product\/835","targetHints":{"allow":["GET"]}}],"collection":[{"href":"https:\/\/outdoortime.se\/stockentraffen\/wp-json\/wp\/v2\/product"}],"about":[{"href":"https:\/\/outdoortime.se\/stockentraffen\/wp-json\/wp\/v2\/types\/product"}],"wp:featuredmedia":[{"embeddable":true,"href":"https:\/\/outdoortime.se\/stockentraffen\/wp-json\/wp\/v2\/media\/836"}],"wp:attachment":[{"href":"https:\/\/outdoortime.se\/stockentraffen\/wp-json\/wp\/v2\/media?parent=835"}],"wp:term":[{"taxonomy":"product_brand","embeddable":true,"href":"https:\/\/outdoortime.se\/stockentraffen\/wp-json\/wp\/v2\/product_brand?post=835"},{"taxonomy":"product_cat","embeddable":true,"href":"https:\/\/outdoortime.se\/stockentraffen\/wp-json\/wp\/v2\/product_cat?post=835"},{"taxonomy":"product_tag","embeddable":true,"href":"https:\/\/outdoortime.se\/stockentraffen\/wp-json\/wp\/v2\/product_tag?post=835"}],"curies":[{"name":"wp","href":"https:\/\/api.w.org\/{rel}","templated":true}]}}