{"id":838,"date":"2025-07-04T21:11:08","date_gmt":"2025-07-04T19:11:08","guid":{"rendered":"https:\/\/outdoortime.se\/stockentraffen\/?post_type=product&#038;p=838"},"modified":"2025-08-15T15:19:52","modified_gmt":"2025-08-15T13:19:52","slug":"lordag-maseskar","status":"publish","type":"product","link":"https:\/\/outdoortime.se\/stockentraffen\/produkt\/lordag-maseskar\/","title":{"rendered":"L\u00f6rdag &#8211; M\u00e5sesk\u00e4r"},"content":{"rendered":"","protected":false},"excerpt":{"rendered":"<div>F\u00f6lj med oss p\u00e5 en expedition till M\u00e5sesk\u00e4r. Vi kommer att paddla ca 2 mil med ett fikastopp p\u00e5 v\u00e4gen ut, lunch p\u00e5 M\u00e5sesk\u00e4r och f\u00f6rs\u00f6ka f\u00e5nga en glass p\u00e5 K\u00e4ring\u00f6n om paddlar f\u00f6rbi p\u00e5 v\u00e4gen tillbaka.<\/div>\n<div><\/div>\n<div>Samling paddelklara p\u00e5 stranden l\u00f6rdag morgon kl 09:00 och siktar p\u00e5 att vara tillbaka vid 16-tiden.<\/div>\n<div><\/div>\n<div>F\u00f6r att vara med p\u00e5 denna paddling s\u00e5 skall du vara bekv\u00e4m b\u00e5de med paddling och kamratr\u00e4ddning i exponerat \u00f6ppet vatten med v\u00e5gor upp till 1,5 meter och vind upp till 10 ms.<\/div>\n<div><\/div>\n<p>Skulle v\u00e4derleksprognosen bjuda p\u00e5 f\u00f6r stora utmaningar (ex ih\u00e5llande regn eller byvind &gt; 10 m\/s) s\u00e5 tar vi oss friheten att \u00e4ndra m\u00e5let f\u00f6r paddlingen, ex kanske vi n\u00f6jer vi oss med att spana p\u00e5 M\u00e5sesk\u00e4r fr\u00e5n K\u00e4ring\u00f6n.<\/p>\n<p>Sj\u00f6klara p\u00e5 stranden 09.30<\/p>\n<p>Max 8 deltagare<\/p>\n<p>Ledare: Celine Heimberg och H\u00e5kan Lantz<\/p>\n","protected":false},"featured_media":233,"template":"","meta":{"_et_pb_use_builder":"","_et_pb_old_content":"","_et_gb_content_width":""},"product_brand":[],"product_cat":[20],"product_tag":[],"class_list":{"0":"post-838","1":"product","2":"type-product","3":"status-publish","4":"has-post-thumbnail","6":"product_cat-lordag","8":"first","9":"instock","10":"sold-individually","11":"shipping-taxable","12":"purchasable","13":"product-type-simple"},"_links":{"self":[{"href":"https:\/\/outdoortime.se\/stockentraffen\/wp-json\/wp\/v2\/product\/838","targetHints":{"allow":["GET"]}}],"collection":[{"href":"https:\/\/outdoortime.se\/stockentraffen\/wp-json\/wp\/v2\/product"}],"about":[{"href":"https:\/\/outdoortime.se\/stockentraffen\/wp-json\/wp\/v2\/types\/product"}],"wp:featuredmedia":[{"embeddable":true,"href":"https:\/\/outdoortime.se\/stockentraffen\/wp-json\/wp\/v2\/media\/233"}],"wp:attachment":[{"href":"https:\/\/outdoortime.se\/stockentraffen\/wp-json\/wp\/v2\/media?parent=838"}],"wp:term":[{"taxonomy":"product_brand","embeddable":true,"href":"https:\/\/outdoortime.se\/stockentraffen\/wp-json\/wp\/v2\/product_brand?post=838"},{"taxonomy":"product_cat","embeddable":true,"href":"https:\/\/outdoortime.se\/stockentraffen\/wp-json\/wp\/v2\/product_cat?post=838"},{"taxonomy":"product_tag","embeddable":true,"href":"https:\/\/outdoortime.se\/stockentraffen\/wp-json\/wp\/v2\/product_tag?post=838"}],"curies":[{"name":"wp","href":"https:\/\/api.w.org\/{rel}","templated":true}]}}