{"id":840,"date":"2025-07-04T21:37:21","date_gmt":"2025-07-04T19:37:21","guid":{"rendered":"https:\/\/outdoortime.se\/stockentraffen\/?post_type=product&#038;p=840"},"modified":"2025-07-12T05:40:06","modified_gmt":"2025-07-12T03:40:06","slug":"sondag-rockhopping-i-minigrupp","status":"publish","type":"product","link":"https:\/\/outdoortime.se\/stockentraffen\/produkt\/sondag-rockhopping-i-minigrupp\/","title":{"rendered":"S\u00f6ndag &#8211; Rockhopping i minigrupp"},"content":{"rendered":"","protected":false},"excerpt":{"rendered":"<p>\u00c4r du sugen p\u00e5 lite <strong>Rockhopping<\/strong>? Vi erbjuder en mycket liten grupp att paddla med Jonas Alexandersson f\u00f6r att testa p\u00e5 rockhopping. Om det inte finns v\u00e5gor f\u00f6r detta s\u00e5 tar vi oss en l\u00e4mplig tur.<\/p>\n<p>Det s\u00e4ger nog sig sj\u00e4lvt att den h\u00e4r turen \u00e4r f\u00f6r den erfarne paddlare som vill ta ett steg till och utmana sig sj\u00e4lv. Inget f\u00f6r nyb\u00f6rjare allts\u00e5 \ud83d\ude42<\/p>\n<p>Vi startar kl 10.00 och r\u00e4knar med att vara hemma vid 2-3-tiden.<\/p>\n<p>Du beh\u00f6ver ha med dig hj\u00e4lm! Har du ingen s\u00e5 kanske du kan h\u00f6ra dig f\u00f6r i t ex v\u00e5r facebookgrupp: <a href=\"https:\/\/www.facebook.com\/groups\/stockentraffen25\">https:\/\/www.facebook.com\/groups\/stockentraffen25<\/a><\/p>\n<p>Varmt v\u00e4lkommen \u00f6nskar<\/p>\n<p>Tj\u00f6rns Kajakklubb<\/p>\n<p>&nbsp;<\/p>\n","protected":false},"featured_media":238,"template":"","meta":{"_et_pb_use_builder":"","_et_pb_old_content":"","_et_gb_content_width":""},"product_brand":[],"product_cat":[22],"product_tag":[],"class_list":{"0":"post-840","1":"product","2":"type-product","3":"status-publish","4":"has-post-thumbnail","6":"product_cat-sondag","8":"first","9":"outofstock","10":"sold-individually","11":"shipping-taxable","12":"purchasable","13":"product-type-simple"},"_links":{"self":[{"href":"https:\/\/outdoortime.se\/stockentraffen\/wp-json\/wp\/v2\/product\/840","targetHints":{"allow":["GET"]}}],"collection":[{"href":"https:\/\/outdoortime.se\/stockentraffen\/wp-json\/wp\/v2\/product"}],"about":[{"href":"https:\/\/outdoortime.se\/stockentraffen\/wp-json\/wp\/v2\/types\/product"}],"wp:featuredmedia":[{"embeddable":true,"href":"https:\/\/outdoortime.se\/stockentraffen\/wp-json\/wp\/v2\/media\/238"}],"wp:attachment":[{"href":"https:\/\/outdoortime.se\/stockentraffen\/wp-json\/wp\/v2\/media?parent=840"}],"wp:term":[{"taxonomy":"product_brand","embeddable":true,"href":"https:\/\/outdoortime.se\/stockentraffen\/wp-json\/wp\/v2\/product_brand?post=840"},{"taxonomy":"product_cat","embeddable":true,"href":"https:\/\/outdoortime.se\/stockentraffen\/wp-json\/wp\/v2\/product_cat?post=840"},{"taxonomy":"product_tag","embeddable":true,"href":"https:\/\/outdoortime.se\/stockentraffen\/wp-json\/wp\/v2\/product_tag?post=840"}],"curies":[{"name":"wp","href":"https:\/\/api.w.org\/{rel}","templated":true}]}}