{"id":146,"date":"2016-06-19T00:29:11","date_gmt":"2016-06-18T22:29:11","guid":{"rendered":"https:\/\/outdoortime.se\/www-2\/?page_id=146"},"modified":"2018-04-22T20:59:55","modified_gmt":"2018-04-22T18:59:55","slug":"egenanstallning-steg-for-steg","status":"publish","type":"page","link":"https:\/\/outdoortime.se\/template-2\/egenanstallning-steg-for-steg\/","title":{"rendered":"Egenanst\u00e4llning \u2013 steg f\u00f6r steg"},"content":{"rendered":"<div class=\" et_pb_row et_pb_row_3 et_pb_row_fullwidth\">\n<div class=\"et_pb_column et_pb_column_4_4  et_pb_column_6\">\n<div class=\"et_pb_text et_pb_module et_pb_bg_layout_light et_pb_text_align_center  et_pb_text_2\">\n<h2>Egenanst\u00e4llning \u2013 steg f\u00f6r steg<\/h2>\n<\/div>\n<\/div>\n<\/div>\n<div class=\" et_pb_row et_pb_row_4 et_pb_row_fullwidth\">\n<div class=\"et_pb_column et_pb_column_1_2  et_pb_column_7\">\n<div class=\"et_pb_text et_pb_module et_pb_bg_layout_light et_pb_text_align_left  et_pb_text_3\">\n<p><strong>1.<\/strong> Du fakturerar utan eget f\u00f6retag genom Selfcompany f\u00f6r ett arbete du utf\u00f6rt och ska ha betalt f\u00f6r av din kund.<\/p>\n<p><strong>2.<\/strong> Under tiden du utf\u00f6r arbetet \u00e4r du anst\u00e4lld av Selfcompany som tar arbetsgivaransvaret: ser till att du \u00e4r f\u00f6rs\u00e4krad, hanterar dina skatter, avgifter och moms samt betalar ut din l\u00f6n.<\/p>\n<p><strong>3.<\/strong> Du driver din verksamhet p\u00e5 egen hand, skaffar kunder, utf\u00f6r uppdrag, f\u00f6rhandlar och s\u00e4tter priset f\u00f6r dina tj\u00e4nster och uppdrag.<\/p>\n<\/div>\n<\/div>\n<div class=\"et_pb_column et_pb_column_1_2  et_pb_column_8\">\n<div class=\"et_pb_text et_pb_module et_pb_bg_layout_light et_pb_text_align_left  et_pb_text_4\">\n<p><strong>4.<\/strong> Du anv\u00e4nder Selfcompanys webbaserade plattform och r\u00e5dgivning f\u00f6r att fakturera och utveckla din verksamhet som egenanst\u00e4lld. N\u00e4r du vill, hur ofta du vill.<\/p>\n<p><strong>5.<\/strong> Du jobbar med det du vill, slipper administration och kr\u00e5ngel och du betalar f\u00f6rst n\u00e4r din kund har betalat sin faktura till dig. Sv\u00e5rare \u00e4n s\u00e5 \u00e4r det inte att driva verksamhet som egenanst\u00e4lld \u2013 som frilans, entrepren\u00f6r och specialist! Klicka och uppt\u00e4ck m\u00f6jligheterna med egenanst\u00e4llning. Du kommer ig\u00e5ng direkt!<\/p>\n<\/div>\n<\/div>\n<\/div>\n","protected":false},"excerpt":{"rendered":"<p>Egenanst\u00e4llning \u2013 steg f\u00f6r steg 1. Du fakturerar utan eget f\u00f6retag genom Selfcompany f\u00f6r ett arbete du utf\u00f6rt och ska ha betalt f\u00f6r av din kund. 2. Under tiden du utf\u00f6r arbetet \u00e4r du anst\u00e4lld av Selfcompany som tar arbetsgivaransvaret: ser till att du \u00e4r f\u00f6rs\u00e4krad, hanterar dina skatter, avgifter och moms samt betalar ut [&hellip;]<\/p>\n","protected":false},"author":1,"featured_media":0,"parent":0,"menu_order":0,"comment_status":"closed","ping_status":"closed","template":"","meta":{"_et_pb_use_builder":"","_et_pb_old_content":"","_et_gb_content_width":"","footnotes":""},"class_list":["post-146","page","type-page","status-publish","hentry"],"_links":{"self":[{"href":"https:\/\/outdoortime.se\/template-2\/wp-json\/wp\/v2\/pages\/146","targetHints":{"allow":["GET"]}}],"collection":[{"href":"https:\/\/outdoortime.se\/template-2\/wp-json\/wp\/v2\/pages"}],"about":[{"href":"https:\/\/outdoortime.se\/template-2\/wp-json\/wp\/v2\/types\/page"}],"author":[{"embeddable":true,"href":"https:\/\/outdoortime.se\/template-2\/wp-json\/wp\/v2\/users\/1"}],"replies":[{"embeddable":true,"href":"https:\/\/outdoortime.se\/template-2\/wp-json\/wp\/v2\/comments?post=146"}],"version-history":[{"count":1,"href":"https:\/\/outdoortime.se\/template-2\/wp-json\/wp\/v2\/pages\/146\/revisions"}],"predecessor-version":[{"id":147,"href":"https:\/\/outdoortime.se\/template-2\/wp-json\/wp\/v2\/pages\/146\/revisions\/147"}],"wp:attachment":[{"href":"https:\/\/outdoortime.se\/template-2\/wp-json\/wp\/v2\/media?parent=146"}],"curies":[{"name":"wp","href":"https:\/\/api.w.org\/{rel}","templated":true}]}}