{"id":1600,"date":"2018-05-28T21:27:13","date_gmt":"2018-05-28T19:27:13","guid":{"rendered":"https:\/\/outdoortime.se\/www-2\/?page_id=1600"},"modified":"2018-06-04T21:10:55","modified_gmt":"2018-06-04T19:10:55","slug":"start-turer","status":"publish","type":"page","link":"https:\/\/outdoortime.se\/template-2\/start-turer\/","title":{"rendered":"Start turer"},"content":{"rendered":"<p>[et_pb_section bb_built=&#8221;1&#8243; specialty=&#8221;on&#8221; _builder_version=&#8221;3.2&#8243; background_color=&#8221;rgba(0,0,0,0)&#8221;][et_pb_column type=&#8221;1_2&#8243; specialty_columns=&#8221;2&#8243;][et_pb_row_inner admin_label=&#8221;Rad&#8221; _builder_version=&#8221;3.2&#8243; background_color=&#8221;rgba(0,0,0,0.75)&#8221; custom_padding=&#8221;|||10px&#8221; custom_padding_last_edited=&#8221;on|desktop&#8221;][et_pb_column_inner type=&#8221;1_2&#8243; saved_specialty_column_type=&#8221;1_2&#8243;][\/et_pb_column_inner][et_pb_column_inner type=&#8221;1_2&#8243; saved_specialty_column_type=&#8221;1_2&#8243;][et_pb_text admin_label=&#8221;Rubrik&#8221; _builder_version=&#8221;3.2&#8243;]<\/p>\n<p><strong>TURER<\/strong><\/p>\n<p>[\/et_pb_text][\/et_pb_column_inner][\/et_pb_row_inner][et_pb_row_inner admin_label=&#8221;Rad&#8221; _builder_version=&#8221;3.2&#8243; custom_margin=&#8221;0px|||&#8221; custom_padding=&#8221;1px|||&#8221; padding_top_1=&#8221;1px&#8221;][et_pb_column_inner type=&#8221;4_4&#8243; saved_specialty_column_type=&#8221;1_2&#8243;][\/et_pb_column_inner][\/et_pb_row_inner][et_pb_row_inner admin_label=&#8221;Rad&#8221; _builder_version=&#8221;3.2&#8243; background_color=&#8221;rgba(0,0,0,0.75)&#8221; custom_padding=&#8221;|||10px&#8221; custom_padding_last_edited=&#8221;on|desktop&#8221;][et_pb_column_inner type=&#8221;1_2&#8243; saved_specialty_column_type=&#8221;1_2&#8243;][et_pb_text admin_label=&#8221;Kurser text&#8221; _builder_version=&#8221;3.2&#8243;]<\/p>\n<h1><strong>Turer<\/strong><\/h1>\n<p>Point65 kayak centers erbjuder turer som passa alla, \u00e4ven dig som aldrig paddlat f\u00f6rut. V\u00e5ra erfarna guider tar dig med p\u00e5 en padlingstur som passar dina f\u00f6ruts\u00e4ttningar. Inf\u00f6r varje tur g\u00f6rs en s\u00e4kerhetsgenomg\u00e5ng f\u00f6r att garantera din s\u00e4kerhet.<\/p>\n<p>Varje ort erbjuder unika turer beroende p\u00e5 vad som finns p\u00e5 orten, nedan visas n\u00e5gra exempel:<\/p>\n<ul>\n<li>Yogapaddling<\/li>\n<li>Caf\u00e9paddling<\/li>\n<li>M\u00e5nskenspaddling<\/li>\n<li>Stadspaddling<\/li>\n<li>Motionspaddling<\/li>\n<li>Singelpaddling<\/li>\n<li>Fun with Foster (paddla med ett proffs)<\/li>\n<\/ul>\n<p>F\u00f6r att se vilka turer som erbjuds just p\u00e5 din ort, var god v\u00e4lj ort nedan.<\/p>\n<p>V\u00e4lkommen!<\/p>\n<p>[\/et_pb_text][\/et_pb_column_inner][et_pb_column_inner type=&#8221;1_2&#8243; saved_specialty_column_type=&#8221;1_2&#8243;][et_pb_image _builder_version=&#8221;3.2&#8243; src=&#8221;https:\/\/outdoortime.se\/wp-content\/uploads\/sites\/42\/2018\/04\/Point6513-08-20_423-1.jpg&#8221; \/][\/et_pb_column_inner][\/et_pb_row_inner][et_pb_row_inner admin_label=&#8221;Rad&#8221; _builder_version=&#8221;3.2&#8243; custom_margin=&#8221;0px|||&#8221; custom_padding=&#8221;1px|||&#8221; padding_top_1=&#8221;1px&#8221;][et_pb_column_inner type=&#8221;4_4&#8243; saved_specialty_column_type=&#8221;1_2&#8243;][\/et_pb_column_inner][\/et_pb_row_inner][et_pb_row_inner admin_label=&#8221;Rad&#8221; _builder_version=&#8221;3.2&#8243; background_color=&#8221;rgba(0,0,0,0.75)&#8221; custom_padding=&#8221;|||10px&#8221;][et_pb_column_inner type=&#8221;1_2&#8243; saved_specialty_column_type=&#8221;1_2&#8243;][et_pb_toggle _builder_version=&#8221;3.2&#8243; title=&#8221;V\u00e4lj ort&#8221; open_toggle_text_color=&#8221;#ffffff&#8221; open_toggle_background_color=&#8221;rgba(0,0,0,0.53)&#8221; closed_toggle_text_color=&#8221;#ffffff&#8221; closed_toggle_background_color=&#8221;rgba(0,0,0,0.52)&#8221;]<\/p>\n<p>STOCKHOLM<\/p>\n<p>G\u00d6TEBORG<\/p>\n<p><a href=\"https:\/\/outdoortime.se\/www-2\/linkoping\/valj-aktivitet\/\">LINK\u00d6PING<\/a><\/p>\n<p>[\/et_pb_toggle][\/et_pb_column_inner][et_pb_column_inner type=&#8221;1_2&#8243; saved_specialty_column_type=&#8221;1_2&#8243;][\/et_pb_column_inner][\/et_pb_row_inner][\/et_pb_column][et_pb_column type=&#8221;1_2&#8243;][\/et_pb_column][\/et_pb_section]<\/p>\n","protected":false},"excerpt":{"rendered":"<p>TURER Turer Point65 kayak centers erbjuder turer som passa alla, \u00e4ven dig som aldrig paddlat f\u00f6rut. V\u00e5ra erfarna guider tar dig med p\u00e5 en padlingstur som passar dina f\u00f6ruts\u00e4ttningar. Inf\u00f6r varje tur g\u00f6rs en s\u00e4kerhetsgenomg\u00e5ng f\u00f6r att garantera din s\u00e4kerhet. Varje ort erbjuder unika turer beroende p\u00e5 vad som finns p\u00e5 orten, nedan visas n\u00e5gra [&hellip;]<\/p>\n","protected":false},"author":1,"featured_media":0,"parent":0,"menu_order":0,"comment_status":"closed","ping_status":"closed","template":"","meta":{"_et_pb_use_builder":"on","_et_pb_old_content":"","_et_gb_content_width":"","footnotes":""},"class_list":["post-1600","page","type-page","status-publish","hentry"],"_links":{"self":[{"href":"https:\/\/outdoortime.se\/template-2\/wp-json\/wp\/v2\/pages\/1600","targetHints":{"allow":["GET"]}}],"collection":[{"href":"https:\/\/outdoortime.se\/template-2\/wp-json\/wp\/v2\/pages"}],"about":[{"href":"https:\/\/outdoortime.se\/template-2\/wp-json\/wp\/v2\/types\/page"}],"author":[{"embeddable":true,"href":"https:\/\/outdoortime.se\/template-2\/wp-json\/wp\/v2\/users\/1"}],"replies":[{"embeddable":true,"href":"https:\/\/outdoortime.se\/template-2\/wp-json\/wp\/v2\/comments?post=1600"}],"version-history":[{"count":3,"href":"https:\/\/outdoortime.se\/template-2\/wp-json\/wp\/v2\/pages\/1600\/revisions"}],"predecessor-version":[{"id":1707,"href":"https:\/\/outdoortime.se\/template-2\/wp-json\/wp\/v2\/pages\/1600\/revisions\/1707"}],"wp:attachment":[{"href":"https:\/\/outdoortime.se\/template-2\/wp-json\/wp\/v2\/media?parent=1600"}],"curies":[{"name":"wp","href":"https:\/\/api.w.org\/{rel}","templated":true}]}}