{"id":803,"date":"2018-04-27T16:15:25","date_gmt":"2018-04-27T14:15:25","guid":{"rendered":"https:\/\/outdoortime.se\/www-2\/?page_id=803"},"modified":"2021-03-29T14:24:44","modified_gmt":"2021-03-29T12:24:44","slug":"startsida","status":"publish","type":"page","link":"https:\/\/outdoortime.se\/template-2\/","title":{"rendered":"Startsida"},"content":{"rendered":"<p>[et_pb_section fb_built=&#8221;1&#8243; _builder_version=&#8221;3.22&#8243; background_color=&#8221;rgba(255,255,255,0)&#8221;][et_pb_row _builder_version=&#8221;3.25&#8243;][et_pb_column type=&#8221;4_4&#8243; _builder_version=&#8221;3.25&#8243; custom_padding=&#8221;|||&#8221; custom_padding__hover=&#8221;|||&#8221;][et_pb_text _builder_version=&#8221;4.6.1&#8243;]<\/p>\n<h1>GUDINGEBADET<\/h1>\n<p>[\/et_pb_text][\/et_pb_column][\/et_pb_row][et_pb_row _builder_version=&#8221;4.9.2&#8243; _module_preset=&#8221;default&#8221;][et_pb_column _builder_version=&#8221;4.9.2&#8243; _module_preset=&#8221;default&#8221; type=&#8221;4_4&#8243;][et_pb_text _builder_version=&#8221;4.9.2&#8243; _module_preset=&#8221;default&#8221; hover_enabled=&#8221;0&#8243; sticky_enabled=&#8221;0&#8243;]<\/p>\n<p>V\u00e4lj vilken kajak du vill hyra<\/p>\n<p>[\/et_pb_text][\/et_pb_column][\/et_pb_row][et_pb_row _builder_version=&#8221;4.6.1&#8243; _module_preset=&#8221;default&#8221;][et_pb_column type=&#8221;4_4&#8243; _builder_version=&#8221;4.6.1&#8243; _module_preset=&#8221;default&#8221;][et_pb_shop orderby=&#8221;menu_order&#8221; _builder_version=&#8221;4.6.1&#8243; _module_preset=&#8221;default&#8221;][\/et_pb_shop][\/et_pb_column][\/et_pb_row][et_pb_row column_structure=&#8221;1_2,1_2&#8243; _builder_version=&#8221;3.25&#8243;][et_pb_column type=&#8221;1_2&#8243; _builder_version=&#8221;3.25&#8243; custom_padding=&#8221;|||&#8221; custom_padding__hover=&#8221;|||&#8221;][et_pb_text _builder_version=&#8221;4.6.1&#8243; _module_preset=&#8221;default&#8221;]<\/p>\n<h2>Karta:<\/h2>\n<p>[\/et_pb_text][et_pb_code _builder_version=&#8221;4.6.1&#8243; _module_preset=&#8221;default&#8221;]<iframe loading=\"lazy\" src=\"https:\/\/www.google.com\/maps\/embed?pb=!1m18!1m12!1m3!1d2120.476187333302!2d16.54210161626168!3d57.89504308118008!2m3!1f0!2f0!3f0!3m2!1i1024!2i768!4f13.1!3m3!1m2!1s0x46585badb5fda63b%3A0x62f4da80189636e0!2sGUDINGEBADET%2C+%C3%85KERHOLM%2C+594+93+Gamleby!5e0!3m2!1ssv!2sse!4v1560632296349!5m2!1ssv!2sse\" width=\"600\" height=\"450\" frameborder=\"0\" style=\"border:0\" allowfullscreen><\/iframe>[\/et_pb_code][et_pb_text _builder_version=&#8221;4.6.1&#8243; _module_preset=&#8221;default&#8221;]<\/p>\n<h2>V\u00e4der:<\/h2>\n<p>[\/et_pb_text][et_pb_code _builder_version=&#8221;4.6.1&#8243; _module_preset=&#8221;default&#8221;]<iframe src='https:\/\/xn--vder24-bua.se\/index.php\/vader-widget\/?widgettype=white&#038;widgetcity=loftahammar' title='V\u00e4derwidget' style='height:250px; min-width:215px; width:100%; max-width:100%;' name='weatheriFrame' scrolling='0' frameborder='0' ><\/iframe>[\/et_pb_code][\/et_pb_column][et_pb_column type=&#8221;1_2&#8243; _builder_version=&#8221;3.25&#8243; custom_padding=&#8221;|||&#8221; custom_padding__hover=&#8221;|||&#8221;][et_pb_text _builder_version=&#8221;4.6.1&#8243; _module_preset=&#8221;default&#8221;]<\/p>\n<h3>Priser:<\/h3>\n<ul>\n<li><a href=\"https:\/\/outdoortime.se\/prislista\/\">Se v\u00e5r prislista.<\/a><\/li>\n<\/ul>\n<h3>Detta ing\u00e5r d\u00e5 du hyr kajak i Gudingebadet:<\/h3>\n<ul>\n<li>Kajak<\/li>\n<li>Kapell<\/li>\n<li>Flytv\u00e4st<\/li>\n<li>Paddel<\/li>\n<\/ul>\n<h3>L\u00e4get:<\/h3>\n<p>Kajakerna \u00e4r placerade p\u00e5 Gudingebadets campingplats, precis vid havet i Gudingeviken, du kommer snabbt ut i Tjust sk\u00e4rg\u00e5rd och kan g\u00f6ra dagsturer eller paddla flera dagar. <a href=\"https:\/\/www.vastervik.com\/skargard\/\" target=\"_blank\" rel=\"noopener noreferrer\">L\u00e4s mer om tjust sk\u00e4rg\u00e5rd..<\/a><\/p>\n<h3>Resa hit:<\/h3>\n<p>Ta bilen och k\u00f6r fr\u00e5n Lofta mot Loftahammar, f\u00f6lj sedan skyltarna till Gudingebadet.<\/p>\n<h3>Faciliteter:<\/h3>\n<ul>\n<li><a href=\"http:\/\/www.gudingebadet.se\" target=\"_blank\" rel=\"noopener noreferrer\">Camping, Gudingebadet<\/a><\/li>\n<li>Kiosk<\/li>\n<li>Badplats<\/li>\n<li>Grillplats<\/li>\n<li>Lekpark<\/li>\n<li>Stuguthyrning<\/li>\n<\/ul>\n<h3>Kajaker:<\/h3>\n<p>I Gudinge finns havskajaker som passar alla, v\u00e5r ambition \u00e4r att alltid erbjuda nya och fr\u00e4scha kajaker!<\/p>\n<ul>\n<li>Jack<\/li>\n<li>Doubloon (2pers)<\/li>\n<\/ul>\n<p>[\/et_pb_text][\/et_pb_column][\/et_pb_row][\/et_pb_section]<\/p>\n","protected":false},"excerpt":{"rendered":"<p>GUDINGEBADETV\u00e4lj vilken kajak du vill hyraKarta:V\u00e4der:Priser: Se v\u00e5r prislista. Detta ing\u00e5r d\u00e5 du hyr kajak i Gudingebadet: Kajak Kapell Flytv\u00e4st Paddel L\u00e4get: Kajakerna \u00e4r placerade p\u00e5 Gudingebadets campingplats, precis vid havet i Gudingeviken, du kommer snabbt ut i Tjust sk\u00e4rg\u00e5rd och kan g\u00f6ra dagsturer eller paddla flera dagar. L\u00e4s mer om tjust sk\u00e4rg\u00e5rd.. Resa hit: [&hellip;]<\/p>\n","protected":false},"author":1,"featured_media":0,"parent":0,"menu_order":0,"comment_status":"closed","ping_status":"closed","template":"","meta":{"_et_pb_use_builder":"on","_et_pb_old_content":"","_et_gb_content_width":"","footnotes":""},"class_list":["post-803","page","type-page","status-publish","hentry"],"_links":{"self":[{"href":"https:\/\/outdoortime.se\/template-2\/wp-json\/wp\/v2\/pages\/803","targetHints":{"allow":["GET"]}}],"collection":[{"href":"https:\/\/outdoortime.se\/template-2\/wp-json\/wp\/v2\/pages"}],"about":[{"href":"https:\/\/outdoortime.se\/template-2\/wp-json\/wp\/v2\/types\/page"}],"author":[{"embeddable":true,"href":"https:\/\/outdoortime.se\/template-2\/wp-json\/wp\/v2\/users\/1"}],"replies":[{"embeddable":true,"href":"https:\/\/outdoortime.se\/template-2\/wp-json\/wp\/v2\/comments?post=803"}],"version-history":[{"count":38,"href":"https:\/\/outdoortime.se\/template-2\/wp-json\/wp\/v2\/pages\/803\/revisions"}],"predecessor-version":[{"id":3457,"href":"https:\/\/outdoortime.se\/template-2\/wp-json\/wp\/v2\/pages\/803\/revisions\/3457"}],"wp:attachment":[{"href":"https:\/\/outdoortime.se\/template-2\/wp-json\/wp\/v2\/media?parent=803"}],"curies":[{"name":"wp","href":"https:\/\/api.w.org\/{rel}","templated":true}]}}