{"id":1517,"date":"2018-05-28T09:59:56","date_gmt":"2018-05-28T07:59:56","guid":{"rendered":"https:\/\/outdoortime.se\/www-2\/?post_type=product&#038;p=1517"},"modified":"2021-04-20T20:40:17","modified_gmt":"2021-04-20T18:40:17","slug":"enmanskajak","status":"publish","type":"product","link":"https:\/\/outdoortime.se\/template-2\/product\/enmanskajak\/","title":{"rendered":"Havskajak (Sea kayak for 1 person) 2-8 hrs"},"content":{"rendered":"","protected":false},"excerpt":{"rendered":"<p>V\u00e5ra enmanskajaker fr\u00e5n Svenska Point65 \u00e4r touring\/havs-kajaker i 1-lagers polyeten, specifikt framtagen f\u00f6r nyb\u00f6rjare liksom lite mer erfarna paddlare.<\/p>\n<p><em>Our single kayaks from Swedish brand Point65 are touring\/sea kayaks in 1 layer rotomolded PE, especially designed for beginners but also suitable for those who has paddle before.<\/em><\/p>\n","protected":false},"featured_media":1048,"template":"","meta":{"_et_pb_use_builder":"","_et_pb_old_content":"","_et_gb_content_width":""},"product_brand":[],"product_cat":[69],"product_tag":[],"class_list":{"0":"post-1517","1":"product","2":"type-product","3":"status-publish","4":"has-post-thumbnail","6":"product_cat-hyra-kajak","8":"first","9":"instock","10":"virtual","11":"taxable","12":"purchasable","13":"product-type-simple"},"_links":{"self":[{"href":"https:\/\/outdoortime.se\/template-2\/wp-json\/wp\/v2\/product\/1517","targetHints":{"allow":["GET"]}}],"collection":[{"href":"https:\/\/outdoortime.se\/template-2\/wp-json\/wp\/v2\/product"}],"about":[{"href":"https:\/\/outdoortime.se\/template-2\/wp-json\/wp\/v2\/types\/product"}],"wp:featuredmedia":[{"embeddable":true,"href":"https:\/\/outdoortime.se\/template-2\/wp-json\/wp\/v2\/media\/1048"}],"wp:attachment":[{"href":"https:\/\/outdoortime.se\/template-2\/wp-json\/wp\/v2\/media?parent=1517"}],"wp:term":[{"taxonomy":"product_brand","embeddable":true,"href":"https:\/\/outdoortime.se\/template-2\/wp-json\/wp\/v2\/product_brand?post=1517"},{"taxonomy":"product_cat","embeddable":true,"href":"https:\/\/outdoortime.se\/template-2\/wp-json\/wp\/v2\/product_cat?post=1517"},{"taxonomy":"product_tag","embeddable":true,"href":"https:\/\/outdoortime.se\/template-2\/wp-json\/wp\/v2\/product_tag?post=1517"}],"curies":[{"name":"wp","href":"https:\/\/api.w.org\/{rel}","templated":true}]}}