{"id":2615,"date":"2019-05-07T11:19:10","date_gmt":"2019-05-07T09:19:10","guid":{"rendered":"https:\/\/outdoortime.se\/claudia\/?post_type=product&#038;p=2615"},"modified":"2021-03-29T15:04:00","modified_gmt":"2021-03-29T13:04:00","slug":"dubbelkajak-sea-kayak-for-2-persons","status":"publish","type":"product","link":"https:\/\/outdoortime.se\/template-2\/product\/dubbelkajak-sea-kayak-for-2-persons\/","title":{"rendered":"Dubbelkajak (Sea kayak for 2 persons) 2-8 hrs"},"content":{"rendered":"","protected":false},"excerpt":{"rendered":"<p>V\u00e5ra dubbelkajaker Doubloon fr\u00e5n Svenska Point65 \u00e4r havskajaker i 3-lagers polyeten. Doubloon \u00e4r en kompakt tv\u00e5sitskajak som \u00e4r b\u00e5de praktisk och stabil, 510cm l\u00e5ng. Skrovdesignen \u00e4r otimerad b\u00e5de f\u00f6r prestanda och stabilitet vilket g\u00f6r upplevelsen i Doubloon rolig och s\u00e4ker.<\/p>\n<p><em>Our double kayaks Doubloon from Swedish brand Point65 are sea kayaks in 3 layers rotomolded PE. Doubloon  is compact with great usability for 2 persons and also very safe on the water. The hull is designed for both performance but also stability which ensure your time in a Doubloon from Point65 are both fun and safe.<\/em><\/p>\n","protected":false},"featured_media":1073,"template":"","meta":{"_et_pb_use_builder":"","_et_pb_old_content":"","_et_gb_content_width":""},"product_brand":[],"product_cat":[69],"product_tag":[],"class_list":{"0":"post-2615","1":"product","2":"type-product","3":"status-publish","4":"has-post-thumbnail","6":"product_cat-hyra-kajak","8":"first","9":"instock","10":"virtual","11":"taxable","12":"purchasable","13":"product-type-simple"},"_links":{"self":[{"href":"https:\/\/outdoortime.se\/template-2\/wp-json\/wp\/v2\/product\/2615","targetHints":{"allow":["GET"]}}],"collection":[{"href":"https:\/\/outdoortime.se\/template-2\/wp-json\/wp\/v2\/product"}],"about":[{"href":"https:\/\/outdoortime.se\/template-2\/wp-json\/wp\/v2\/types\/product"}],"wp:featuredmedia":[{"embeddable":true,"href":"https:\/\/outdoortime.se\/template-2\/wp-json\/wp\/v2\/media\/1073"}],"wp:attachment":[{"href":"https:\/\/outdoortime.se\/template-2\/wp-json\/wp\/v2\/media?parent=2615"}],"wp:term":[{"taxonomy":"product_brand","embeddable":true,"href":"https:\/\/outdoortime.se\/template-2\/wp-json\/wp\/v2\/product_brand?post=2615"},{"taxonomy":"product_cat","embeddable":true,"href":"https:\/\/outdoortime.se\/template-2\/wp-json\/wp\/v2\/product_cat?post=2615"},{"taxonomy":"product_tag","embeddable":true,"href":"https:\/\/outdoortime.se\/template-2\/wp-json\/wp\/v2\/product_tag?post=2615"}],"curies":[{"name":"wp","href":"https:\/\/api.w.org\/{rel}","templated":true}]}}