{"id":2630,"date":"2019-05-07T11:28:41","date_gmt":"2019-05-07T09:28:41","guid":{"rendered":"https:\/\/outdoortime.se\/claudia\/?post_type=product&#038;p=2630"},"modified":"2021-03-29T15:10:10","modified_gmt":"2021-03-29T13:10:10","slug":"lekkajak-childrens-kayak","status":"publish","type":"product","link":"https:\/\/outdoortime.se\/template-2\/product\/lekkajak-childrens-kayak\/","title":{"rendered":"Strandkajaker (Kayaks at the beach)"},"content":{"rendered":"","protected":false},"excerpt":{"rendered":"<p>Bl\u00e5 kajaker (f\u00f6r barn):<br \/>\nLekfull kajak specifikt designad f\u00f6r barn. S\u00e4ker, bekv\u00e4m, l\u00e4ttpaddlad och mycket stabil. Perfekt f\u00f6r det lilla \u00e4ventyret p\u00e5 sj\u00f6n eller vid stranden. Gl\u00f6m inte flytv\u00e4sten \u00e4ven p\u00e5 grunt vatten! Det finns flytv\u00e4star f\u00f6r barn att l\u00e5na i kiosken.<\/p>\n<p>R\u00f6d och Gr\u00f6n kajak (f\u00f6r alla):<br \/>\nLekfull kajak f\u00f6r alla \u00e4r SeaDog, alla kan anv\u00e4nda den och det \u00e4r hur enkelt som helst att komma ut p\u00e5 vattnet. Gl\u00f6m inte flytv\u00e4sten \u00e4ven p\u00e5 grunt vatten! Det finns flytv\u00e4star och paddel att l\u00e5na i kiosken.<\/p>\n<p><em>Blue kayaks (for chiildren)<br \/>\nA small kayak especially designed for children. Safe, comfortable and easy to paddle. Perfect for a small adventure at the beach. Rember to always use lifejackets even on shallow water! You can borrow a lifejackets during your rental, just contact the caf\u00e9.<br \/>\n<\/em><\/p>\n<p>Red and Green kayaks (for everybody):<br \/>\n<em>A kayak especially designed fun everybody can use it, and its really simple to take it for a spin. Rember to always use lifejackets even on shallow water! You can borrow a lifejackets and paddles during your rental, at the reception.<\/em><\/p>\n","protected":false},"featured_media":2633,"template":"","meta":{"_et_pb_use_builder":"","_et_pb_old_content":"","_et_gb_content_width":""},"product_brand":[],"product_cat":[69],"product_tag":[],"class_list":{"0":"post-2630","1":"product","2":"type-product","3":"status-publish","4":"has-post-thumbnail","6":"product_cat-hyra-kajak","8":"first","9":"instock","10":"virtual","11":"taxable","12":"purchasable","13":"product-type-simple"},"_links":{"self":[{"href":"https:\/\/outdoortime.se\/template-2\/wp-json\/wp\/v2\/product\/2630","targetHints":{"allow":["GET"]}}],"collection":[{"href":"https:\/\/outdoortime.se\/template-2\/wp-json\/wp\/v2\/product"}],"about":[{"href":"https:\/\/outdoortime.se\/template-2\/wp-json\/wp\/v2\/types\/product"}],"wp:featuredmedia":[{"embeddable":true,"href":"https:\/\/outdoortime.se\/template-2\/wp-json\/wp\/v2\/media\/2633"}],"wp:attachment":[{"href":"https:\/\/outdoortime.se\/template-2\/wp-json\/wp\/v2\/media?parent=2630"}],"wp:term":[{"taxonomy":"product_brand","embeddable":true,"href":"https:\/\/outdoortime.se\/template-2\/wp-json\/wp\/v2\/product_brand?post=2630"},{"taxonomy":"product_cat","embeddable":true,"href":"https:\/\/outdoortime.se\/template-2\/wp-json\/wp\/v2\/product_cat?post=2630"},{"taxonomy":"product_tag","embeddable":true,"href":"https:\/\/outdoortime.se\/template-2\/wp-json\/wp\/v2\/product_tag?post=2630"}],"curies":[{"name":"wp","href":"https:\/\/api.w.org\/{rel}","templated":true}]}}