{"id":1734,"date":"2018-06-10T22:21:13","date_gmt":"2018-06-10T20:21:13","guid":{"rendered":"https:\/\/outdoortime.se\/gotenborg\/?post_type=product&#038;p=1734"},"modified":"2022-08-25T14:55:25","modified_gmt":"2022-08-25T12:55:25","slug":"flera-dagar","status":"publish","type":"product","link":"https:\/\/outdoortime.se\/test\/product\/flera-dagar\/","title":{"rendered":"Kajak (Billigare p\u00e5 m\u00e5ndagar)"},"content":{"rendered":"","protected":false},"excerpt":{"rendered":"<p>V\u00e4lj mellan flera sp\u00e4nnande modeller ur Point65&#8217;s utbud.<\/p>\n<h3>Whisky16<\/h3>\n<p>Whiskey 16 \u00e4r en nyintroducerad &#8221;top of the line&#8221; kajak fr\u00e5n Point65, utvecklad av paddellegenden Nigel Foster till att vara allt han s\u00f6ker hos en kajak plus lite till. Den h\u00e4r kajaken \u00e4r f\u00f6r nyb\u00f6rjare och dig som paddlat f\u00f6rut. Passar dig upp til 185cm l\u00e4ngd.<\/p>\n<h3>Seacruiser<\/h3>\n<p>Seacruiser \u00e4r en fullfj\u00e4drad och stabil havskajak, som ger nyb\u00f6rjaren en k\u00e4nsla av trygghet liksom \u00e4ventyraren i bl\u00e5sv\u00e4der. Passar f\u00f6r vardagspaddling s\u00e5v\u00e4l som f\u00f6r \u00e4ventyrsexpeditioner. Passar dig upp til 185cm l\u00e4ngd.<\/p>\n<h3>Jack<\/h3>\n<p>Fullfj\u00e4drad touring\/havs-kajak i 1-lagers polyeten, specifikt framtagen f\u00f6r nyb\u00f6rjare liksom lite mer erfarna paddlaren.<\/p>\n<h3>Buccaneer<\/h3>\n<p>Specifikt designat f\u00f6r stabilitet, l\u00e4ttman\u00f6vrering samt kursstabilitet. Passar dig som aldrig paddlat f\u00f6rut, fungerar ocks\u00e5 utm\u00e4rkt f\u00f6r v\u00e4lvuxna paddlare, passar dig som \u00e4r upp till 195cm l\u00e5ng.<\/p>\n<h3>XO13<\/h3>\n<p>F\u00f6r den trygga och bekv\u00e4ma utflykten. XO13 \u00e4r en stabil och l\u00e4ttsk\u00f6tt kajak f\u00f6r hela familjen, dessutom med marknadens sk\u00f6naste kajaksits! Passar dig som \u00e4r upp till 190cm l\u00e5ng.<\/p>\n<h3>Doubloon (2pers)<\/h3>\n<p>Dubbel lycka \u00e4r dubbel njutning, doubloon \u00e4r v\u00e5r kajak f\u00f6r 2 personer, vilket passar bra om du t.ex. vill paddla med barn. Stabil och trygg paddling, passar paddlare upp till 195cm l\u00e4ngd.<\/p>\n","protected":false},"featured_media":1048,"template":"","meta":{"_et_pb_use_builder":"","_et_pb_old_content":"","_et_gb_content_width":""},"product_brand":[],"product_cat":[69],"product_tag":[],"class_list":{"0":"post-1734","1":"product","2":"type-product","3":"status-publish","4":"has-post-thumbnail","6":"product_cat-hyra-kajak","8":"first","9":"instock","10":"virtual","11":"sold-individually","12":"taxable","13":"purchasable","14":"product-type-booking"},"_links":{"self":[{"href":"https:\/\/outdoortime.se\/test\/wp-json\/wp\/v2\/product\/1734","targetHints":{"allow":["GET"]}}],"collection":[{"href":"https:\/\/outdoortime.se\/test\/wp-json\/wp\/v2\/product"}],"about":[{"href":"https:\/\/outdoortime.se\/test\/wp-json\/wp\/v2\/types\/product"}],"wp:featuredmedia":[{"embeddable":true,"href":"https:\/\/outdoortime.se\/test\/wp-json\/wp\/v2\/media\/1048"}],"wp:attachment":[{"href":"https:\/\/outdoortime.se\/test\/wp-json\/wp\/v2\/media?parent=1734"}],"wp:term":[{"taxonomy":"product_brand","embeddable":true,"href":"https:\/\/outdoortime.se\/test\/wp-json\/wp\/v2\/product_brand?post=1734"},{"taxonomy":"product_cat","embeddable":true,"href":"https:\/\/outdoortime.se\/test\/wp-json\/wp\/v2\/product_cat?post=1734"},{"taxonomy":"product_tag","embeddable":true,"href":"https:\/\/outdoortime.se\/test\/wp-json\/wp\/v2\/product_tag?post=1734"}],"curies":[{"name":"wp","href":"https:\/\/api.w.org\/{rel}","templated":true}]}}