{"id":727,"date":"2018-04-18T20:54:39","date_gmt":"2018-04-18T18:54:39","guid":{"rendered":"https:\/\/outdoortime.se\/gotenborg\/?post_type=product&#038;p=727"},"modified":"2018-06-10T22:48:18","modified_gmt":"2018-06-10T20:48:18","slug":"nyborjarkurs","status":"publish","type":"product","link":"https:\/\/outdoortime.se\/test\/product\/nyborjarkurs\/","title":{"rendered":"Bronspaddlare (Nyb\u00f6rjarkurs)"},"content":{"rendered":"","protected":false},"excerpt":{"rendered":"<p>Kursens fokus ligger p\u00e5 att bekanta sig med kajaken och kringutrustning samt grundl\u00e4ggande paddelteknik<\/p>\n<p><strong>F\u00f6rhandskrav<\/strong><br \/>\nIngen tidigare erfarenhet av kajakpaddling beh\u00f6vs.<\/p>\n<p><strong>Inneh\u00e5ll<\/strong><br \/>\n1. Olika typer av kajaker<br \/>\n2. Delarna p\u00e5 en kajak<br \/>\n3. Olika typer av paddel, hur man anv\u00e4nder dem<br \/>\n4. Kapell, hur det anv\u00e4nds, s\u00e4kerhetsaspekt<br \/>\n5. \u00d6vrig utrustning<br \/>\n6. I och urklivning fr\u00e5n brygga<br \/>\n7. H\u00e5llning och balans<br \/>\n8. Paddeltag: Fram, back, stopp och sveptag<\/p>\n<p><strong>Ta med dig<\/strong><br \/>\nOmbyteskl\u00e4der (om du blir bl\u00f6t under tr\u00e4ning!) handuk och dryck<\/p>\n<p><strong>Bra att ha<\/strong><br \/>\nSolkr\u00e4m, solglas\u00f6gon, keps och o\u00f6mma skor\/sandaler.<\/p>\n","protected":false},"featured_media":540,"template":"","meta":{"_et_pb_use_builder":"","_et_pb_old_content":"","_et_gb_content_width":""},"product_brand":[],"product_cat":[71],"product_tag":[],"class_list":{"0":"post-727","1":"product","2":"type-product","3":"status-publish","4":"has-post-thumbnail","6":"product_cat-boka-kurs","8":"first","9":"instock","10":"virtual","11":"sold-individually","12":"taxable","13":"purchasable","14":"product-type-booking"},"_links":{"self":[{"href":"https:\/\/outdoortime.se\/test\/wp-json\/wp\/v2\/product\/727","targetHints":{"allow":["GET"]}}],"collection":[{"href":"https:\/\/outdoortime.se\/test\/wp-json\/wp\/v2\/product"}],"about":[{"href":"https:\/\/outdoortime.se\/test\/wp-json\/wp\/v2\/types\/product"}],"wp:featuredmedia":[{"embeddable":true,"href":"https:\/\/outdoortime.se\/test\/wp-json\/wp\/v2\/media\/540"}],"wp:attachment":[{"href":"https:\/\/outdoortime.se\/test\/wp-json\/wp\/v2\/media?parent=727"}],"wp:term":[{"taxonomy":"product_brand","embeddable":true,"href":"https:\/\/outdoortime.se\/test\/wp-json\/wp\/v2\/product_brand?post=727"},{"taxonomy":"product_cat","embeddable":true,"href":"https:\/\/outdoortime.se\/test\/wp-json\/wp\/v2\/product_cat?post=727"},{"taxonomy":"product_tag","embeddable":true,"href":"https:\/\/outdoortime.se\/test\/wp-json\/wp\/v2\/product_tag?post=727"}],"curies":[{"name":"wp","href":"https:\/\/api.w.org\/{rel}","templated":true}]}}