{"id":729,"date":"2018-04-18T21:00:57","date_gmt":"2018-04-18T19:00:57","guid":{"rendered":"https:\/\/outdoortime.se\/gotenborg\/?post_type=product&#038;p=729"},"modified":"2018-06-10T22:57:32","modified_gmt":"2018-06-10T20:57:32","slug":"manskenstur","status":"publish","type":"product","link":"https:\/\/outdoortime.se\/test\/product\/manskenstur\/","title":{"rendered":"M\u00e5nskenspaddling"},"content":{"rendered":"","protected":false},"excerpt":{"rendered":"<h4>En speciell upplevelse som passar \u00e4ven nyb\u00f6rjare. Vi paddlar ut i skymningen och njuter av m\u00e5nens sken.<\/h4>\n<p><strong>Program:<\/strong><\/p>\n<p>Samling vid kajakboden kl. 19.00<br \/>\nGenomg\u00e5ng och uppdelning i kajakerna sedan paddlar vi ut i solnedg\u00e5ngen, \u00e5ter vid kajakboden ca kl. 21.30.<\/p>\n<p><strong>Medtag<\/strong>:<\/p>\n<p>Vattenflaska samt en extra tr\u00f6ja och byxor om det \u00e4r kyligt ute. P\u00e5 v\u00e5ra kajakturer ska alltid ett extra ombyte och handduk packas i en vattent\u00e4t s\u00e4ck\/plastp\u00e5se. Vid risk f\u00f6r regn, medtag regnt\u00e4t jacka.<\/p>\n<p><strong>Detta ing\u00e5r:<\/strong><\/p>\n<p>L\u00e5n av kajak och tillh\u00f6rande utrustning, flytv\u00e4st. Turen leds av en paddelguide.<\/p>\n","protected":false},"featured_media":1756,"template":"","meta":{"_et_pb_use_builder":"","_et_pb_old_content":"","_et_gb_content_width":""},"product_brand":[],"product_cat":[70],"product_tag":[],"class_list":{"0":"post-729","1":"product","2":"type-product","3":"status-publish","4":"has-post-thumbnail","6":"product_cat-boka-tur","8":"first","9":"instock","10":"virtual","11":"sold-individually","12":"taxable","13":"purchasable","14":"product-type-booking"},"_links":{"self":[{"href":"https:\/\/outdoortime.se\/test\/wp-json\/wp\/v2\/product\/729","targetHints":{"allow":["GET"]}}],"collection":[{"href":"https:\/\/outdoortime.se\/test\/wp-json\/wp\/v2\/product"}],"about":[{"href":"https:\/\/outdoortime.se\/test\/wp-json\/wp\/v2\/types\/product"}],"wp:featuredmedia":[{"embeddable":true,"href":"https:\/\/outdoortime.se\/test\/wp-json\/wp\/v2\/media\/1756"}],"wp:attachment":[{"href":"https:\/\/outdoortime.se\/test\/wp-json\/wp\/v2\/media?parent=729"}],"wp:term":[{"taxonomy":"product_brand","embeddable":true,"href":"https:\/\/outdoortime.se\/test\/wp-json\/wp\/v2\/product_brand?post=729"},{"taxonomy":"product_cat","embeddable":true,"href":"https:\/\/outdoortime.se\/test\/wp-json\/wp\/v2\/product_cat?post=729"},{"taxonomy":"product_tag","embeddable":true,"href":"https:\/\/outdoortime.se\/test\/wp-json\/wp\/v2\/product_tag?post=729"}],"curies":[{"name":"wp","href":"https:\/\/api.w.org\/{rel}","templated":true}]}}