{"id":853,"date":"2018-04-23T12:19:05","date_gmt":"2018-04-23T10:19:05","guid":{"rendered":"https:\/\/outdoortime.se\/gotenborg\/?post_type=product&#038;p=853"},"modified":"2018-06-10T23:00:44","modified_gmt":"2018-06-10T21:00:44","slug":"yogapaddling","status":"publish","type":"product","link":"https:\/\/outdoortime.se\/test\/product\/yogapaddling\/","title":{"rendered":"Yogapaddling"},"content":{"rendered":"","protected":false},"excerpt":{"rendered":"<h6><em>Njut av stillheten och lugnet. Kombinera paddling i behagligt tempo med avslappnande yogapass utomhus.<\/em><\/h6>\n<p><strong>Program:<\/strong><br \/>\nSamling kl 08.15 vid badstranden vid Grebo. Vi b\u00f6rjar med ett 60-minuterspass Yoga vid badstranden\/bryggan. Efter detta \u00e4ter vi lite fika och f\u00f6rbereder oss f\u00f6r paddelturen. Paddling i ca 1,5-2 h i lugnt tempo. I gruppen delar vi p\u00e5 2 st dubbelkajaker och 4 st enmanskajaker.<br \/>\n<strong>Antal deltagare:<\/strong><br \/>\nMinst 4 st, max 7 st.<br \/>\n<strong>Medtag:<\/strong><br \/>\nVattenflaska samt en extra tr\u00f6ja och byxor om det \u00e4r kyligt ute. P\u00e5 v\u00e5ra kajakturer ska alltid ett extra ombyte och handduk packas i en vattent\u00e4t s\u00e4ck\/plastp\u00e5se.<br \/>\n<strong>Pris:<\/strong><br \/>\n395 kr<br \/>\nI priset ing\u00e5r f\u00f6ljande: L\u00e5n av kajak och tillh\u00f6rande utrustning, flytv\u00e4st, fika (te\/kaffe, frukt, macka), l\u00e5n av yogamatta\/madrass.<br \/>\n<strong>Yogainstrukt\u00f6r:<\/strong><br \/>\nChristina Grimsell \u00e4r utbildad massage-, och friskv\u00e5rdsterapeut samt yogainstrukt\u00f6r, hon har varit aktiv instrukt\u00f6r sedan 2002. \u201dF\u00f6r mig handlar yoga om att utforska och utveckla ditt inre mentala jag likv\u00e4l som ditt yttre fysiska jag.\u201d Christina h\u00e4mtar inspiration fr\u00e5n yogans olika grenar, t.ex. Hatha yoga och Qundalini yoga.<\/p>\n<h5>Vi m\u00e5ste ta hand om oss sj\u00e4lva f\u00f6r var ska vi annars bo?<\/h5>\n","protected":false},"featured_media":1477,"template":"","meta":{"_et_pb_use_builder":"","_et_pb_old_content":"","_et_gb_content_width":""},"product_brand":[],"product_cat":[70],"product_tag":[],"class_list":{"0":"post-853","1":"product","2":"type-product","3":"status-publish","4":"has-post-thumbnail","6":"product_cat-boka-tur","8":"first","9":"instock","10":"virtual","11":"sold-individually","12":"taxable","13":"purchasable","14":"product-type-booking"},"_links":{"self":[{"href":"https:\/\/outdoortime.se\/test\/wp-json\/wp\/v2\/product\/853","targetHints":{"allow":["GET"]}}],"collection":[{"href":"https:\/\/outdoortime.se\/test\/wp-json\/wp\/v2\/product"}],"about":[{"href":"https:\/\/outdoortime.se\/test\/wp-json\/wp\/v2\/types\/product"}],"wp:featuredmedia":[{"embeddable":true,"href":"https:\/\/outdoortime.se\/test\/wp-json\/wp\/v2\/media\/1477"}],"wp:attachment":[{"href":"https:\/\/outdoortime.se\/test\/wp-json\/wp\/v2\/media?parent=853"}],"wp:term":[{"taxonomy":"product_brand","embeddable":true,"href":"https:\/\/outdoortime.se\/test\/wp-json\/wp\/v2\/product_brand?post=853"},{"taxonomy":"product_cat","embeddable":true,"href":"https:\/\/outdoortime.se\/test\/wp-json\/wp\/v2\/product_cat?post=853"},{"taxonomy":"product_tag","embeddable":true,"href":"https:\/\/outdoortime.se\/test\/wp-json\/wp\/v2\/product_tag?post=853"}],"curies":[{"name":"wp","href":"https:\/\/api.w.org\/{rel}","templated":true}]}}